{"id":3,"date":"2024-11-27T17:28:25","date_gmt":"2024-11-27T17:28:25","guid":{"rendered":"http:\/\/nuclearenergy.gr\/?page_id=3"},"modified":"2025-09-19T10:17:06","modified_gmt":"2025-09-19T10:17:06","slug":"datenschutzrichtlinie","status":"publish","type":"page","link":"https:\/\/nuclearenergy.gr\/de\/datenschutzrichtlinie\/","title":{"rendered":"Datenschutzrichtlinie"},"content":{"rendered":"<h1 class=\"wp-block-heading\" data-start=\"207\" data-end=\"242\">Datenschutzrichtlinie \u2013 NuclearEnergy.gr<\/h1>\r\n<p data-start=\"244\" data-end=\"287\"><strong data-start=\"244\" data-end=\"263\">Datum des Inkrafttretens:<\/strong> 19\/09\/2025<\/p>\r\n<p data-start=\"289\" data-end=\"545\">Bei <strong data-start=\"292\" data-end=\"316\"><a class=\"decorated-link\" href=\"https:\/\/nuclearenergy.gr\/de\/\" target=\"_new\" rel=\"noopener\" data-start=\"294\" data-end=\"314\">www.nuclearenergy.gr<\/a><\/strong> Ihre Privatsph\u00e4re ist uns wichtig. Diese Datenschutzrichtlinie erl\u00e4utert, wie wir Ihre personenbezogenen Daten beim Besuch unserer Website erfassen, verwenden und sch\u00fctzen und wie wir Werbung \u00fcber Google AdSense und Ezoic anzeigen.<\/p>\r\n<hr data-start=\"547\" data-end=\"550\" \/>\r\n<h2 data-start=\"552\" data-end=\"580\">1. Von uns erfasste Informationen<\/h2>\r\n<p data-start=\"582\" data-end=\"649\">Wenn Sie unsere Website besuchen, erfassen wir m\u00f6glicherweise die folgenden Informationen:<\/p>\r\n<ul data-start=\"651\" data-end=\"942\">\r\n<li data-start=\"651\" data-end=\"735\">\r\n<p data-start=\"653\" data-end=\"735\"><strong data-start=\"653\" data-end=\"690\">Cookies und \u00e4hnliche Technologien:<\/strong> Um Website-Aktivit\u00e4ten und -Pr\u00e4ferenzen zu verfolgen.<\/p>\r\n<\/li>\r\n<li data-start=\"736\" data-end=\"835\">\r\n<p data-start=\"738\" data-end=\"835\"><strong data-start=\"738\" data-end=\"777\">IP-Adresse und Browserinformationen:<\/strong> Wird automatisch erfasst, um die Leistung der Website zu verbessern.<\/p>\r\n<\/li>\r\n<li data-start=\"836\" data-end=\"942\">\r\n<p data-start=\"838\" data-end=\"942\"><strong data-start=\"838\" data-end=\"864\">Interaktionen mit Anzeigen:<\/strong> Von Drittanbietern (Google AdSense, Ezoic) erfasste Daten.<\/p>\r\n<\/li>\r\n<\/ul>\r\n<hr data-start=\"944\" data-end=\"947\" \/>\r\n<h2 data-start=\"949\" data-end=\"982\">2. Wie wir Ihre Daten verwenden<\/h2>\r\n<p data-start=\"984\" data-end=\"1012\">Ihre Daten k\u00f6nnen f\u00fcr folgende Zwecke verwendet werden:<\/p>\r\n<ul data-start=\"1014\" data-end=\"1159\">\r\n<li data-start=\"1014\" data-end=\"1059\">\r\n<p data-start=\"1016\" data-end=\"1059\">Anzeige personalisierter und relevanter Anzeigen.<\/p>\r\n<\/li>\r\n<li data-start=\"1060\" data-end=\"1114\">\r\n<p data-start=\"1062\" data-end=\"1114\">Verbesserung der Website-Leistung und des Benutzererlebnisses.<\/p>\r\n<\/li>\r\n<li data-start=\"1115\" data-end=\"1159\">\r\n<p data-start=\"1117\" data-end=\"1159\">Messen und Analysieren des Website-Verkehrs.<\/p>\r\n<\/li>\r\n<\/ul>\r\n<p data-start=\"1161\" data-end=\"1225\">Wir <strong data-start=\"1164\" data-end=\"1205\">Verkaufen Sie Ihre pers\u00f6nlichen Daten nicht<\/strong> an Dritte.<\/p>\r\n<hr data-start=\"1227\" data-end=\"1230\" \/>\r\n<h2 data-start=\"1232\" data-end=\"1258\">3. Werbepartner<\/h2>\r\n<p data-start=\"1260\" data-end=\"1499\">Unsere Website verwendet <strong data-start=\"1274\" data-end=\"1292\">Google AdSense<\/strong> Und <strong data-start=\"1297\" data-end=\"1306\">Ezoic<\/strong> um Werbung zu schalten. Diese Drittanbieter-Partner k\u00f6nnen Cookies und andere Tracking-Technologien verwenden, um Informationen \u00fcber Ihr Surfverhalten auf unserer Website und auf anderen Websites zu sammeln.<\/p>\r\n<ul data-start=\"1501\" data-end=\"1741\">\r\n<li data-start=\"1501\" data-end=\"1632\">\r\n<p data-start=\"1503\" data-end=\"1632\"><strong data-start=\"1503\" data-end=\"1537\">Datenschutzbestimmungen von Google AdSense:<\/strong> <a class=\"decorated-link cursor-pointer\" target=\"_new\" rel=\"noopener\" data-start=\"1538\" data-end=\"1630\">https:\/\/policies.google.com\/technologies\/ads<\/a><\/p>\r\n<\/li>\r\n<li data-start=\"1633\" data-end=\"1741\">\r\n<p data-start=\"1635\" data-end=\"1741\"><strong data-start=\"1635\" data-end=\"1660\">Datenschutzrichtlinie von Ezoic:<\/strong> <a class=\"decorated-link cursor-pointer\" target=\"_new\" rel=\"noopener\" data-start=\"1661\" data-end=\"1739\">https:\/\/www.ezoic.com\/privacy-policy\/<\/a><\/p>\r\n<\/li>\r\n<\/ul>\r\n<p data-start=\"1743\" data-end=\"1885\">Diese Technologien helfen dabei, personalisierte Werbung basierend auf Ihren Interessen zu liefern. Sie k\u00f6nnen Ihre Werbepr\u00e4ferenzen verwalten \u00fcber <strong data-start=\"1860\" data-end=\"1882\">Google-Anzeigeneinstellungen<\/strong>.<\/p>\r\n<hr data-start=\"1887\" data-end=\"1890\" \/>\r\n<h2 data-start=\"1892\" data-end=\"1905\">4. Cookies<\/h2>\r\n<p data-start=\"1907\" data-end=\"1937\">Unsere Website verwendet Cookies, um:<\/p>\r\n<ul data-start=\"1939\" data-end=\"2053\">\r\n<li data-start=\"1939\" data-end=\"1974\">\r\n<p data-start=\"1941\" data-end=\"1974\">Merken Sie sich Ihre Site-Einstellungen.<\/p>\r\n<\/li>\r\n<li data-start=\"1975\" data-end=\"2003\">\r\n<p data-start=\"1977\" data-end=\"2003\">Verbessern Sie die Benutzererfahrung.<\/p>\r\n<\/li>\r\n<li data-start=\"2004\" data-end=\"2053\">\r\n<p data-start=\"2006\" data-end=\"2053\">Liefern Sie personalisierte Anzeigen \u00fcber AdSense und Ezoic.<\/p>\r\n<\/li>\r\n<\/ul>\r\n<p data-start=\"2055\" data-end=\"2181\">Sie k\u00f6nnen Cookies \u00fcber Ihre Browsereinstellungen verwalten oder deaktivieren, einige Funktionen der Website funktionieren jedoch m\u00f6glicherweise nicht richtig.<\/p>\r\n<hr data-start=\"2183\" data-end=\"2186\" \/>\r\n<h2 data-start=\"2188\" data-end=\"2201\">5. Zustimmung<\/h2>\r\n<p data-start=\"2203\" data-end=\"2360\">Durch die Verwendung <strong data-start=\"2212\" data-end=\"2236\"><a class=\"decorated-link\" href=\"https:\/\/nuclearenergy.gr\/de\/\" target=\"_new\" rel=\"noopener\" data-start=\"2214\" data-end=\"2234\">www.nuclearenergy.gr<\/a><\/strong>, stimmen Sie der Verwendung von Cookies durch uns und der Verwendung Ihrer Daten f\u00fcr Werbezwecke zu, wie in dieser Datenschutzrichtlinie beschrieben.<\/p>\r\n<hr data-start=\"2362\" data-end=\"2365\" \/>\r\n<h2 data-start=\"2367\" data-end=\"2390\">6. Links von Drittanbietern<\/h2>\r\n<p data-start=\"2392\" data-end=\"2578\">Unsere Website kann Links zu Websites Dritter enthalten. Wir sind <strong data-start=\"2454\" data-end=\"2473\">nicht verantwortlich<\/strong> f\u00fcr die Datenschutzpraktiken dieser externen Websites. Wir empfehlen Ihnen, deren Datenschutzrichtlinien zu lesen.<\/p>\r\n<hr data-start=\"2580\" data-end=\"2583\" \/>\r\n<h2 data-start=\"2585\" data-end=\"2604\">7. Datensicherheit<\/h2>\r\n<p data-start=\"2606\" data-end=\"2776\">Wir ergreifen angemessene Sicherheitsma\u00dfnahmen, um die von Besuchern gesammelten Daten zu sch\u00fctzen. Allerdings kann keine Daten\u00fcbertragung \u00fcber das Internet als 100% sicher garantiert werden.<\/p>\r\n<hr data-start=\"2778\" data-end=\"2781\" \/>\r\n<h2 data-start=\"2783\" data-end=\"2819\">8. \u00c4nderungen dieser Datenschutzrichtlinie<\/h2>\r\n<p data-start=\"2821\" data-end=\"2949\">Wir behalten uns das Recht vor, diese Datenschutzrichtlinie von Zeit zu Zeit zu aktualisieren. Alle \u00c4nderungen werden auf dieser Seite mit dem aktualisierten \u201eDatum des Inkrafttretens\u201c ver\u00f6ffentlicht.<\/p>\r\n<div class=\"privacy-headline\">\r\n<h1>Ezoic-Dienste<\/h1>\r\n<\/div>\r\n<div class=\"privacy-content\">\r\n<p>Ezoic-Dienste<br \/>Diese Website nutzt die Dienste von Ezoic Inc. (\u201eEzoic\u201c), unter anderem zur Verwaltung interessenbasierter Werbung Dritter. Ezoic kann auf dieser Website verschiedene Technologien einsetzen, darunter Tools zur Bereitstellung von Inhalten, zur Anzeige von Werbung und zur Erm\u00f6glichung von Werbung f\u00fcr Besucher dieser Website, die Erst- und Drittanbieter-Cookies verwenden k\u00f6nnen.<br \/>Ein Cookie ist eine kleine Textdatei, die von einem Webserver an Ihr Ger\u00e4t gesendet wird und es der Website erm\u00f6glicht, Informationen \u00fcber Ihre Browseraktivit\u00e4ten zu speichern. Erstanbieter-Cookies werden von der von Ihnen besuchten Website erstellt, w\u00e4hrend Drittanbieter-Cookies von anderen Dom\u00e4nen als der von Ihnen besuchten gesetzt werden. Ezoic und unsere Partner k\u00f6nnen Drittanbieter-Cookies, Tags, Beacons, Pixel und \u00e4hnliche Technologien platzieren, um Interaktionen mit Werbung zu \u00fcberwachen und die Anzeigenausrichtung zu optimieren. Bitte beachten Sie, dass das Deaktivieren von Cookies den Zugriff auf bestimmte Inhalte und Funktionen der Website einschr\u00e4nken kann. Das Ablehnen von Cookies beseitigt zwar nicht die Werbung, f\u00fchrt aber zu nicht personalisierter Werbung. Weitere Informationen zu Cookies und deren Verwaltung finden Sie hier.\u00a0<a href=\"https:\/\/allaboutcookies.org\/\" target=\"_blank\" rel=\"noopener\">Hier<\/a>.<br \/>Bei der Bereitstellung personalisierter Werbung k\u00f6nnen folgende Informationen erhoben, verwendet und in einem Cookie gespeichert werden:<\/p>\r\n<ul>\r\n<li>IP-Adresse<\/li>\r\n<li>Typ und Version des Betriebssystems<\/li>\r\n<li>Ger\u00e4tetyp<\/li>\r\n<li>Spracheinstellungen<\/li>\r\n<li>Webbrowsertyp<\/li>\r\n<li>E-Mail (in gehashter oder verschl\u00fcsselter Form)<\/li>\r\n<\/ul>\r\nEzoic und seine Partner k\u00f6nnen diese Daten in Kombination mit unabh\u00e4ngig gesammelten Informationen verwenden, um gezielte Werbung auf verschiedenen Plattformen und Websites zu schalten. Die Partner von Ezoic k\u00f6nnen auch zus\u00e4tzliche Daten wie eindeutige IDs, Werbe-IDs, Geolokalisierungsdaten, Nutzungsdaten, Ger\u00e4teinformationen, Verkehrsdaten, Verweisquellen und Interaktionen zwischen Benutzern und Websites oder Anzeigen erfassen, um Zielgruppensegmente f\u00fcr gezielte Werbung auf verschiedenen Ger\u00e4ten, Browsern und Apps zu erstellen. Weitere Informationen zu interessenbasierter Werbung und deren Verwaltung finden Sie hier.\u00a0<a href=\"https:\/\/youradchoices.com\/\" target=\"_blank\" rel=\"noopener\">Hier<\/a>.<br \/>Sie k\u00f6nnen die Datenschutzrichtlinie von Ezoic einsehen\u00a0<a href=\"https:\/\/ezoic.com\/privacy\/\" target=\"_blank\" rel=\"noopener\">Hier<\/a>, oder f\u00fcr weitere Informationen \u00fcber Ezoics Werbung und andere Partner, k\u00f6nnen Sie<\/div>","protected":false},"excerpt":{"rendered":"<p>Datenschutzrichtlinie \u2013 NuclearEnergy.gr G\u00fcltig ab: 19.09.2025 Bei www.nuclearenergy.gr ist uns der Schutz Ihrer Daten wichtig. Diese Datenschutzrichtlinie<\/p>","protected":false},"author":1,"featured_media":107,"parent":0,"menu_order":0,"comment_status":"closed","ping_status":"open","template":"","meta":{"footnotes":""},"class_list":["post-3","page","type-page","status-publish","has-post-thumbnail","hentry"],"yoast_head":"<!-- This site is optimized with the Yoast SEO Premium plugin v23.9 (Yoast SEO v23.9) - https:\/\/yoast.com\/wordpress\/plugins\/seo\/ -->\n<title>Privacy Policy - \u03a0\u03c5\u03c1\u03b7\u03bd\u03b9\u03ba\u03ae \u03b5\u03bd\u03ad\u03c1\u03b3\u03b5\u03b9\u03b1<\/title>\n<meta name=\"robots\" content=\"noindex, follow\" \/>\n<meta property=\"og:locale\" content=\"de_DE\" \/>\n<meta property=\"og:type\" content=\"article\" \/>\n<meta property=\"og:title\" content=\"Privacy Policy\" \/>\n<meta property=\"og:description\" content=\"Privacy Policy \u2013 NuclearEnergy.gr Effective date: 19\/09\/2025 At www.nuclearenergy.gr , your privacy is important to us. This Privacy\" \/>\n<meta property=\"og:url\" content=\"https:\/\/nuclearenergy.gr\/de\/datenschutzrichtlinie\/\" \/>\n<meta property=\"og:site_name\" content=\"\u03a0\u03c5\u03c1\u03b7\u03bd\u03b9\u03ba\u03ae \u03b5\u03bd\u03ad\u03c1\u03b3\u03b5\u03b9\u03b1\" \/>\n<meta property=\"article:modified_time\" content=\"2025-09-19T10:17:06+00:00\" \/>\n<meta property=\"og:image\" content=\"https:\/\/nuclearenergy.gr\/wp-content\/uploads\/2025\/05\/cropped-cropped-nuclear-energy-icon.jpg\" \/>\n\t<meta property=\"og:image:width\" content=\"512\" \/>\n\t<meta property=\"og:image:height\" content=\"512\" \/>\n\t<meta property=\"og:image:type\" content=\"image\/jpeg\" \/>\n<meta name=\"twitter:card\" content=\"summary_large_image\" \/>\n<meta name=\"twitter:label1\" content=\"Gesch\u00e4tzte Lesezeit\" \/>\n\t<meta name=\"twitter:data1\" content=\"4\u00a0Minuten\" \/>\n<script type=\"application\/ld+json\" class=\"yoast-schema-graph\">{\"@context\":\"https:\/\/schema.org\",\"@graph\":[{\"@type\":\"WebPage\",\"@id\":\"https:\/\/nuclearenergy.gr\/privacy-policy\/\",\"url\":\"https:\/\/nuclearenergy.gr\/privacy-policy\/\",\"name\":\"Privacy Policy - \u03a0\u03c5\u03c1\u03b7\u03bd\u03b9\u03ba\u03ae \u03b5\u03bd\u03ad\u03c1\u03b3\u03b5\u03b9\u03b1\",\"isPartOf\":{\"@id\":\"https:\/\/nuclearenergy.gr\/#website\"},\"primaryImageOfPage\":{\"@id\":\"https:\/\/nuclearenergy.gr\/privacy-policy\/#primaryimage\"},\"image\":{\"@id\":\"https:\/\/nuclearenergy.gr\/privacy-policy\/#primaryimage\"},\"thumbnailUrl\":\"https:\/\/nuclearenergy.gr\/wp-content\/uploads\/2025\/05\/cropped-cropped-nuclear-energy-icon.jpg\",\"datePublished\":\"2024-11-27T17:28:25+00:00\",\"dateModified\":\"2025-09-19T10:17:06+00:00\",\"breadcrumb\":{\"@id\":\"https:\/\/nuclearenergy.gr\/privacy-policy\/#breadcrumb\"},\"inLanguage\":\"de\",\"potentialAction\":[{\"@type\":\"ReadAction\",\"target\":[\"https:\/\/nuclearenergy.gr\/privacy-policy\/\"]}]},{\"@type\":\"ImageObject\",\"inLanguage\":\"de\",\"@id\":\"https:\/\/nuclearenergy.gr\/privacy-policy\/#primaryimage\",\"url\":\"https:\/\/nuclearenergy.gr\/wp-content\/uploads\/2025\/05\/cropped-cropped-nuclear-energy-icon.jpg\",\"contentUrl\":\"https:\/\/nuclearenergy.gr\/wp-content\/uploads\/2025\/05\/cropped-cropped-nuclear-energy-icon.jpg\",\"width\":512,\"height\":512},{\"@type\":\"BreadcrumbList\",\"@id\":\"https:\/\/nuclearenergy.gr\/privacy-policy\/#breadcrumb\",\"itemListElement\":[{\"@type\":\"ListItem\",\"position\":1,\"name\":\"\u0391\u03c1\u03c7\u03b9\u03ba\u03ae\",\"item\":\"https:\/\/nuclearenergy.gr\/\"},{\"@type\":\"ListItem\",\"position\":2,\"name\":\"Privacy Policy\"}]},{\"@type\":\"WebSite\",\"@id\":\"https:\/\/nuclearenergy.gr\/#website\",\"url\":\"https:\/\/nuclearenergy.gr\/\",\"name\":\"\u03a0\u03c5\u03c1\u03b7\u03bd\u03b9\u03ba\u03ae \u03b5\u03bd\u03ad\u03c1\u03b3\u03b5\u03b9\u03b1\",\"description\":\"\u039c\u03b9\u03b1 \u03b9\u03c3\u03c4\u03bf\u03c3\u03b5\u03bb\u03af\u03b4\u03b1 \u03bc\u03b5 \u03c0\u03bb\u03b7\u03c1\u03bf\u03c6\u03bf\u03c1\u03af\u03b5\u03c2, \u03ac\u03c1\u03b8\u03c1\u03b1 \u03ba\u03b1\u03b9 \u03b3\u03c1\u03b1\u03c6\u03b9\u03ba\u03ad\u03c2 \u03b1\u03c0\u03b5\u03b9\u03ba\u03bf\u03bd\u03af\u03c3\u03b5\u03b9\u03c2 \u03c3\u03c7\u03b5\u03c4\u03b9\u03ba\u03ac \u03bc\u03b5 \u03c4\u03b7\u03bd \u03c0\u03c5\u03c1\u03b7\u03bd\u03b9\u03ba\u03ae \u03b5\u03bd\u03ad\u03c1\u03b3\u03b5\u03b9\u03b1\",\"publisher\":{\"@id\":\"https:\/\/nuclearenergy.gr\/#organization\"},\"potentialAction\":[{\"@type\":\"SearchAction\",\"target\":{\"@type\":\"EntryPoint\",\"urlTemplate\":\"https:\/\/nuclearenergy.gr\/?s={search_term_string}\"},\"query-input\":{\"@type\":\"PropertyValueSpecification\",\"valueRequired\":true,\"valueName\":\"search_term_string\"}}],\"inLanguage\":\"de\"},{\"@type\":\"Organization\",\"@id\":\"https:\/\/nuclearenergy.gr\/#organization\",\"name\":\"\u03a0\u03c5\u03c1\u03b7\u03bd\u03b9\u03ba\u03ae \u03b5\u03bd\u03ad\u03c1\u03b3\u03b5\u03b9\u03b1\",\"url\":\"https:\/\/nuclearenergy.gr\/\",\"logo\":{\"@type\":\"ImageObject\",\"inLanguage\":\"de\",\"@id\":\"https:\/\/nuclearenergy.gr\/#\/schema\/logo\/image\/\",\"url\":\"https:\/\/nuclearenergy.gr\/wp-content\/uploads\/2025\/11\/cropped-cropped-nuclear-energy-icon.jpg\",\"contentUrl\":\"https:\/\/nuclearenergy.gr\/wp-content\/uploads\/2025\/11\/cropped-cropped-nuclear-energy-icon.jpg\",\"width\":120,\"height\":120,\"caption\":\"\u03a0\u03c5\u03c1\u03b7\u03bd\u03b9\u03ba\u03ae \u03b5\u03bd\u03ad\u03c1\u03b3\u03b5\u03b9\u03b1\"},\"image\":{\"@id\":\"https:\/\/nuclearenergy.gr\/#\/schema\/logo\/image\/\"}}]}<\/script>\n<!-- \/ Yoast SEO Premium plugin. -->","yoast_head_json":{"title":"Datenschutzerkl\u00e4rung - Kernenergie","robots":{"index":"noindex","follow":"follow"},"og_locale":"de_DE","og_type":"article","og_title":"Privacy Policy","og_description":"Privacy Policy \u2013 NuclearEnergy.gr Effective date: 19\/09\/2025 At www.nuclearenergy.gr , your privacy is important to us. This Privacy","og_url":"https:\/\/nuclearenergy.gr\/de\/datenschutzrichtlinie\/","og_site_name":"\u03a0\u03c5\u03c1\u03b7\u03bd\u03b9\u03ba\u03ae \u03b5\u03bd\u03ad\u03c1\u03b3\u03b5\u03b9\u03b1","article_modified_time":"2025-09-19T10:17:06+00:00","og_image":[{"width":512,"height":512,"url":"https:\/\/nuclearenergy.gr\/wp-content\/uploads\/2025\/05\/cropped-cropped-nuclear-energy-icon.jpg","type":"image\/jpeg"}],"twitter_card":"summary_large_image","twitter_misc":{"Gesch\u00e4tzte Lesezeit":"4\u00a0Minuten"},"schema":{"@context":"https:\/\/schema.org","@graph":[{"@type":"WebPage","@id":"https:\/\/nuclearenergy.gr\/privacy-policy\/","url":"https:\/\/nuclearenergy.gr\/privacy-policy\/","name":"Datenschutzerkl\u00e4rung - Kernenergie","isPartOf":{"@id":"https:\/\/nuclearenergy.gr\/#website"},"primaryImageOfPage":{"@id":"https:\/\/nuclearenergy.gr\/privacy-policy\/#primaryimage"},"image":{"@id":"https:\/\/nuclearenergy.gr\/privacy-policy\/#primaryimage"},"thumbnailUrl":"https:\/\/nuclearenergy.gr\/wp-content\/uploads\/2025\/05\/cropped-cropped-nuclear-energy-icon.jpg","datePublished":"2024-11-27T17:28:25+00:00","dateModified":"2025-09-19T10:17:06+00:00","breadcrumb":{"@id":"https:\/\/nuclearenergy.gr\/privacy-policy\/#breadcrumb"},"inLanguage":"de","potentialAction":[{"@type":"ReadAction","target":["https:\/\/nuclearenergy.gr\/privacy-policy\/"]}]},{"@type":"ImageObject","inLanguage":"de","@id":"https:\/\/nuclearenergy.gr\/privacy-policy\/#primaryimage","url":"https:\/\/nuclearenergy.gr\/wp-content\/uploads\/2025\/05\/cropped-cropped-nuclear-energy-icon.jpg","contentUrl":"https:\/\/nuclearenergy.gr\/wp-content\/uploads\/2025\/05\/cropped-cropped-nuclear-energy-icon.jpg","width":512,"height":512},{"@type":"BreadcrumbList","@id":"https:\/\/nuclearenergy.gr\/privacy-policy\/#breadcrumb","itemListElement":[{"@type":"ListItem","position":1,"name":"\u0391\u03c1\u03c7\u03b9\u03ba\u03ae","item":"https:\/\/nuclearenergy.gr\/"},{"@type":"ListItem","position":2,"name":"Privacy Policy"}]},{"@type":"WebSite","@id":"https:\/\/nuclearenergy.gr\/#website","url":"https:\/\/nuclearenergy.gr\/","name":"Kernenergie","description":"Eine Website mit Informationen, Artikeln und Grafiken zur Kernenergie","publisher":{"@id":"https:\/\/nuclearenergy.gr\/#organization"},"potentialAction":[{"@type":"SearchAction","target":{"@type":"EntryPoint","urlTemplate":"https:\/\/nuclearenergy.gr\/?s={search_term_string}"},"query-input":{"@type":"PropertyValueSpecification","valueRequired":true,"valueName":"search_term_string"}}],"inLanguage":"de"},{"@type":"Organization","@id":"https:\/\/nuclearenergy.gr\/#organization","name":"Kernenergie","url":"https:\/\/nuclearenergy.gr\/","logo":{"@type":"ImageObject","inLanguage":"de","@id":"https:\/\/nuclearenergy.gr\/#\/schema\/logo\/image\/","url":"https:\/\/nuclearenergy.gr\/wp-content\/uploads\/2025\/11\/cropped-cropped-nuclear-energy-icon.jpg","contentUrl":"https:\/\/nuclearenergy.gr\/wp-content\/uploads\/2025\/11\/cropped-cropped-nuclear-energy-icon.jpg","width":120,"height":120,"caption":"\u03a0\u03c5\u03c1\u03b7\u03bd\u03b9\u03ba\u03ae \u03b5\u03bd\u03ad\u03c1\u03b3\u03b5\u03b9\u03b1"},"image":{"@id":"https:\/\/nuclearenergy.gr\/#\/schema\/logo\/image\/"}}]}},"_links":{"self":[{"href":"https:\/\/nuclearenergy.gr\/de\/wp-json\/wp\/v2\/pages\/3","targetHints":{"allow":["GET"]}}],"collection":[{"href":"https:\/\/nuclearenergy.gr\/de\/wp-json\/wp\/v2\/pages"}],"about":[{"href":"https:\/\/nuclearenergy.gr\/de\/wp-json\/wp\/v2\/types\/page"}],"author":[{"embeddable":true,"href":"https:\/\/nuclearenergy.gr\/de\/wp-json\/wp\/v2\/users\/1"}],"replies":[{"embeddable":true,"href":"https:\/\/nuclearenergy.gr\/de\/wp-json\/wp\/v2\/comments?post=3"}],"version-history":[{"count":2,"href":"https:\/\/nuclearenergy.gr\/de\/wp-json\/wp\/v2\/pages\/3\/revisions"}],"predecessor-version":[{"id":1535,"href":"https:\/\/nuclearenergy.gr\/de\/wp-json\/wp\/v2\/pages\/3\/revisions\/1535"}],"wp:featuredmedia":[{"embeddable":true,"href":"https:\/\/nuclearenergy.gr\/de\/wp-json\/wp\/v2\/media\/107"}],"wp:attachment":[{"href":"https:\/\/nuclearenergy.gr\/de\/wp-json\/wp\/v2\/media?parent=3"}],"curies":[{"name":"wp","href":"https:\/\/api.w.org\/{rel}","templated":true}]}}