{"id":3,"date":"2024-11-27T17:28:25","date_gmt":"2024-11-27T17:28:25","guid":{"rendered":"http:\/\/nuclearenergy.gr\/?page_id=3"},"modified":"2025-09-19T10:17:06","modified_gmt":"2025-09-19T10:17:06","slug":"politica-de-privacidad","status":"publish","type":"page","link":"https:\/\/nuclearenergy.gr\/es\/politica-de-privacidad\/","title":{"rendered":"pol\u00edtica de privacidad"},"content":{"rendered":"<h1 class=\"wp-block-heading\" data-start=\"207\" data-end=\"242\">Pol\u00edtica de privacidad \u2013 NuclearEnergy.gr<\/h1>\r\n<p data-start=\"244\" data-end=\"287\"><strong data-start=\"244\" data-end=\"263\">Fecha de entrada en vigor:<\/strong> 19\/09\/2025<\/p>\r\n<p data-start=\"289\" data-end=\"545\">En <strong data-start=\"292\" data-end=\"316\"><a class=\"decorated-link\" href=\"https:\/\/nuclearenergy.gr\/es\/\" target=\"_new\" rel=\"noopener\" data-start=\"294\" data-end=\"314\">www.nuclearenergy.gr<\/a><\/strong> Su privacidad es importante para nosotros. Esta Pol\u00edtica de Privacidad explica c\u00f3mo recopilamos, usamos y protegemos sus datos personales cuando visita nuestro sitio web y c\u00f3mo mostramos publicidad a trav\u00e9s de Google AdSense y Ezoic.<\/p>\r\n<hr data-start=\"547\" data-end=\"550\" \/>\r\n<h2 data-start=\"552\" data-end=\"580\">1. Informaci\u00f3n que recopilamos<\/h2>\r\n<p data-start=\"582\" data-end=\"649\">Podemos recopilar la siguiente informaci\u00f3n cuando visite nuestro sitio:<\/p>\r\n<ul data-start=\"651\" data-end=\"942\">\r\n<li data-start=\"651\" data-end=\"735\">\r\n<p data-start=\"653\" data-end=\"735\"><strong data-start=\"653\" data-end=\"690\">Cookies y tecnolog\u00edas similares:<\/strong> Para rastrear la actividad y preferencias del sitio web.<\/p>\r\n<\/li>\r\n<li data-start=\"736\" data-end=\"835\">\r\n<p data-start=\"738\" data-end=\"835\"><strong data-start=\"738\" data-end=\"777\">Direcci\u00f3n IP e informaci\u00f3n del navegador:<\/strong> Se recopilan autom\u00e1ticamente para mejorar el rendimiento del sitio web.<\/p>\r\n<\/li>\r\n<li data-start=\"836\" data-end=\"942\">\r\n<p data-start=\"838\" data-end=\"942\"><strong data-start=\"838\" data-end=\"864\">Interacciones con anuncios:<\/strong> Datos recopilados por socios publicitarios de terceros (Google AdSense, Ezoic).<\/p>\r\n<\/li>\r\n<\/ul>\r\n<hr data-start=\"944\" data-end=\"947\" \/>\r\n<h2 data-start=\"949\" data-end=\"982\">2. C\u00f3mo usamos su informaci\u00f3n<\/h2>\r\n<p data-start=\"984\" data-end=\"1012\">Sus datos podr\u00e1n ser utilizados para:<\/p>\r\n<ul data-start=\"1014\" data-end=\"1159\">\r\n<li data-start=\"1014\" data-end=\"1059\">\r\n<p data-start=\"1016\" data-end=\"1059\">Mostrar anuncios personalizados y relevantes.<\/p>\r\n<\/li>\r\n<li data-start=\"1060\" data-end=\"1114\">\r\n<p data-start=\"1062\" data-end=\"1114\">Mejorar el rendimiento del sitio web y la experiencia del usuario.<\/p>\r\n<\/li>\r\n<li data-start=\"1115\" data-end=\"1159\">\r\n<p data-start=\"1117\" data-end=\"1159\">Medici\u00f3n y an\u00e1lisis del tr\u00e1fico del sitio web.<\/p>\r\n<\/li>\r\n<\/ul>\r\n<p data-start=\"1161\" data-end=\"1225\">Nosotros <strong data-start=\"1164\" data-end=\"1205\">no venda su informaci\u00f3n personal<\/strong> a terceros.<\/p>\r\n<hr data-start=\"1227\" data-end=\"1230\" \/>\r\n<h2 data-start=\"1232\" data-end=\"1258\">3. Socios publicitarios<\/h2>\r\n<p data-start=\"1260\" data-end=\"1499\">Nuestro sitio utiliza <strong data-start=\"1274\" data-end=\"1292\">Google AdSense<\/strong> y <strong data-start=\"1297\" data-end=\"1306\">Ezoico<\/strong> Para mostrar anuncios. Estos socios externos pueden usar cookies y otras tecnolog\u00edas de seguimiento para recopilar informaci\u00f3n sobre su comportamiento de navegaci\u00f3n en nuestro sitio y en otros sitios web.<\/p>\r\n<ul data-start=\"1501\" data-end=\"1741\">\r\n<li data-start=\"1501\" data-end=\"1632\">\r\n<p data-start=\"1503\" data-end=\"1632\"><strong data-start=\"1503\" data-end=\"1537\">Pol\u00edtica de privacidad de Google AdSense:<\/strong> <a class=\"decorated-link cursor-pointer\" target=\"_new\" rel=\"noopener\" data-start=\"1538\" data-end=\"1630\">https:\/\/policies.google.com\/technologies\/ads<\/a><\/p>\r\n<\/li>\r\n<li data-start=\"1633\" data-end=\"1741\">\r\n<p data-start=\"1635\" data-end=\"1741\"><strong data-start=\"1635\" data-end=\"1660\">Pol\u00edtica de privacidad de Ezoic:<\/strong> <a class=\"decorated-link cursor-pointer\" target=\"_new\" rel=\"noopener\" data-start=\"1661\" data-end=\"1739\">https:\/\/www.ezoic.com\/privacy-policy\/<\/a><\/p>\r\n<\/li>\r\n<\/ul>\r\n<p data-start=\"1743\" data-end=\"1885\">Estas tecnolog\u00edas ayudan a mostrar anuncios personalizados seg\u00fan tus intereses. Puedes gestionar tus preferencias de anuncios a trav\u00e9s de <strong data-start=\"1860\" data-end=\"1882\">Configuraci\u00f3n de anuncios de Google<\/strong>.<\/p>\r\n<hr data-start=\"1887\" data-end=\"1890\" \/>\r\n<h2 data-start=\"1892\" data-end=\"1905\">4. Galletas<\/h2>\r\n<p data-start=\"1907\" data-end=\"1937\">Nuestro sitio web utiliza cookies para:<\/p>\r\n<ul data-start=\"1939\" data-end=\"2053\">\r\n<li data-start=\"1939\" data-end=\"1974\">\r\n<p data-start=\"1941\" data-end=\"1974\">Recuerde sus preferencias del sitio.<\/p>\r\n<\/li>\r\n<li data-start=\"1975\" data-end=\"2003\">\r\n<p data-start=\"1977\" data-end=\"2003\">Mejorar la experiencia del usuario.<\/p>\r\n<\/li>\r\n<li data-start=\"2004\" data-end=\"2053\">\r\n<p data-start=\"2006\" data-end=\"2053\">Ofrezca anuncios personalizados a trav\u00e9s de AdSense y Ezoic.<\/p>\r\n<\/li>\r\n<\/ul>\r\n<p data-start=\"2055\" data-end=\"2181\">Puede administrar o deshabilitar las cookies a trav\u00e9s de la configuraci\u00f3n de su navegador, pero algunas caracter\u00edsticas del sitio web pueden no funcionar correctamente.<\/p>\r\n<hr data-start=\"2183\" data-end=\"2186\" \/>\r\n<h2 data-start=\"2188\" data-end=\"2201\">5. Consent<\/h2>\r\n<p data-start=\"2203\" data-end=\"2360\">Mediante el uso <strong data-start=\"2212\" data-end=\"2236\"><a class=\"decorated-link\" href=\"https:\/\/nuclearenergy.gr\/es\/\" target=\"_new\" rel=\"noopener\" data-start=\"2214\" data-end=\"2234\">www.nuclearenergy.gr<\/a><\/strong>, usted acepta nuestro uso de cookies y que sus datos se utilicen con fines publicitarios como se describe en esta Pol\u00edtica de privacidad.<\/p>\r\n<hr data-start=\"2362\" data-end=\"2365\" \/>\r\n<h2 data-start=\"2367\" data-end=\"2390\">6. Enlaces de terceros<\/h2>\r\n<p data-start=\"2392\" data-end=\"2578\">Nuestro sitio web puede contener enlaces a sitios web de terceros. <strong data-start=\"2454\" data-end=\"2473\">no responsable<\/strong> Para conocer las pr\u00e1cticas de privacidad de estos sitios web externos, le recomendamos leer sus pol\u00edticas de privacidad.<\/p>\r\n<hr data-start=\"2580\" data-end=\"2583\" \/>\r\n<h2 data-start=\"2585\" data-end=\"2604\">7. Seguridad de los datos<\/h2>\r\n<p data-start=\"2606\" data-end=\"2776\">Implementamos medidas de seguridad razonables para proteger los datos recopilados de los visitantes. Sin embargo, ninguna transmisi\u00f3n de datos por internet puede garantizarse con la misma seguridad que 100%.<\/p>\r\n<hr data-start=\"2778\" data-end=\"2781\" \/>\r\n<h2 data-start=\"2783\" data-end=\"2819\">8. Cambios a esta Pol\u00edtica de Privacidad<\/h2>\r\n<p data-start=\"2821\" data-end=\"2949\">Podemos actualizar esta Pol\u00edtica de Privacidad peri\u00f3dicamente. Cualquier cambio se publicar\u00e1 en esta p\u00e1gina con la fecha de entrada en vigor actualizada.<\/p>\r\n<div class=\"privacy-headline\">\r\n<h1>Servicios Ezoicos<\/h1>\r\n<\/div>\r\n<div class=\"privacy-content\">\r\n<p>Servicios Ezoicos<br \/>Este sitio web utiliza los servicios de Ezoic Inc. (&quot;Ezoic&quot;), incluyendo la gesti\u00f3n de publicidad basada en intereses de terceros. Ezoic puede emplear diversas tecnolog\u00edas en este sitio web, incluyendo herramientas para ofrecer contenido, mostrar anuncios y ofrecer publicidad a los visitantes, que pueden utilizar cookies propias y de terceros.<br \/>Una cookie es un peque\u00f1o archivo de texto que un servidor web env\u00eda a su dispositivo y que permite que el sitio web recuerde informaci\u00f3n sobre su actividad de navegaci\u00f3n. Las cookies de origen son creadas por el sitio que visita, mientras que las cookies de terceros son establecidas por dominios distintos al que visita. Ezoic y nuestros socios pueden instalar cookies, etiquetas, balizas, p\u00edxeles y tecnolog\u00edas similares de terceros para supervisar las interacciones con los anuncios y optimizar la segmentaci\u00f3n publicitaria. Tenga en cuenta que deshabilitar las cookies puede limitar el acceso a ciertos contenidos y funciones del sitio web, y rechazarlas no elimina los anuncios, sino que genera publicidad no personalizada. Puede encontrar m\u00e1s informaci\u00f3n sobre las cookies y c\u00f3mo administrarlas.\u00a0<a href=\"https:\/\/allaboutcookies.org\/\" target=\"_blank\" rel=\"noopener\">aqu\u00ed<\/a>.<br \/>La siguiente informaci\u00f3n puede recopilarse, utilizarse y almacenarse en una cookie al mostrar anuncios personalizados:<\/p>\r\n<ul>\r\n<li>Direcci\u00f3n IP<\/li>\r\n<li>Tipo y versi\u00f3n del sistema operativo<\/li>\r\n<li>Tipo de dispositivo<\/li>\r\n<li>Preferencias de idioma<\/li>\r\n<li>Tipo de navegador web<\/li>\r\n<li>Correo electr\u00f3nico (en formato hash o cifrado)<\/li>\r\n<\/ul>\r\nEzoic y sus socios pueden usar estos datos junto con informaci\u00f3n recopilada de forma independiente para ofrecer anuncios personalizados en diversas plataformas y sitios web. Los socios de Ezoic tambi\u00e9n pueden recopilar datos adicionales, como identificadores \u00fanicos, identificadores de publicidad, datos de geolocalizaci\u00f3n, datos de uso, informaci\u00f3n del dispositivo, datos de tr\u00e1fico, fuentes de referencia e interacciones entre usuarios y sitios web o anuncios, para crear segmentos de audiencia para publicidad personalizada en diferentes dispositivos, navegadores y aplicaciones. Puede encontrar m\u00e1s informaci\u00f3n sobre la publicidad basada en intereses y c\u00f3mo gestionarla.\u00a0<a href=\"https:\/\/youradchoices.com\/\" target=\"_blank\" rel=\"noopener\">aqu\u00ed<\/a>.<br \/>Puedes ver la pol\u00edtica de privacidad de Ezoic\u00a0<a href=\"https:\/\/ezoic.com\/privacy\/\" target=\"_blank\" rel=\"noopener\">aqu\u00ed<\/a>, o para obtener informaci\u00f3n adicional sobre la publicidad de Ezoic y otros socios, puede<\/div>","protected":false},"excerpt":{"rendered":"<p>Pol\u00edtica de Privacidad \u2013 NuclearEnergy.gr Fecha de entrada en vigor: 19\/09\/2025 En www.nuclearenergy.gr, su privacidad es importante para nosotros. Esta Pol\u00edtica de Privacidad<\/p>","protected":false},"author":1,"featured_media":107,"parent":0,"menu_order":0,"comment_status":"closed","ping_status":"open","template":"","meta":{"footnotes":""},"class_list":["post-3","page","type-page","status-publish","has-post-thumbnail","hentry"],"yoast_head":"<!-- This site is optimized with the Yoast SEO Premium plugin v23.9 (Yoast SEO v23.9) - https:\/\/yoast.com\/wordpress\/plugins\/seo\/ -->\n<title>Privacy Policy - \u03a0\u03c5\u03c1\u03b7\u03bd\u03b9\u03ba\u03ae \u03b5\u03bd\u03ad\u03c1\u03b3\u03b5\u03b9\u03b1<\/title>\n<meta name=\"robots\" content=\"noindex, follow\" \/>\n<meta property=\"og:locale\" content=\"es_ES\" \/>\n<meta property=\"og:type\" content=\"article\" \/>\n<meta property=\"og:title\" content=\"Privacy Policy\" \/>\n<meta property=\"og:description\" content=\"Privacy Policy \u2013 NuclearEnergy.gr Effective date: 19\/09\/2025 At www.nuclearenergy.gr , your privacy is important to us. This Privacy\" \/>\n<meta property=\"og:url\" content=\"https:\/\/nuclearenergy.gr\/es\/politica-de-privacidad\/\" \/>\n<meta property=\"og:site_name\" content=\"\u03a0\u03c5\u03c1\u03b7\u03bd\u03b9\u03ba\u03ae \u03b5\u03bd\u03ad\u03c1\u03b3\u03b5\u03b9\u03b1\" \/>\n<meta property=\"article:modified_time\" content=\"2025-09-19T10:17:06+00:00\" \/>\n<meta property=\"og:image\" content=\"https:\/\/nuclearenergy.gr\/wp-content\/uploads\/2025\/05\/cropped-cropped-nuclear-energy-icon.jpg\" \/>\n\t<meta property=\"og:image:width\" content=\"512\" \/>\n\t<meta property=\"og:image:height\" content=\"512\" \/>\n\t<meta property=\"og:image:type\" content=\"image\/jpeg\" \/>\n<meta name=\"twitter:card\" content=\"summary_large_image\" \/>\n<meta name=\"twitter:label1\" content=\"Tiempo de lectura\" \/>\n\t<meta name=\"twitter:data1\" content=\"4 minutos\" \/>\n<script type=\"application\/ld+json\" class=\"yoast-schema-graph\">{\"@context\":\"https:\/\/schema.org\",\"@graph\":[{\"@type\":\"WebPage\",\"@id\":\"https:\/\/nuclearenergy.gr\/privacy-policy\/\",\"url\":\"https:\/\/nuclearenergy.gr\/privacy-policy\/\",\"name\":\"Privacy Policy - \u03a0\u03c5\u03c1\u03b7\u03bd\u03b9\u03ba\u03ae \u03b5\u03bd\u03ad\u03c1\u03b3\u03b5\u03b9\u03b1\",\"isPartOf\":{\"@id\":\"https:\/\/nuclearenergy.gr\/#website\"},\"primaryImageOfPage\":{\"@id\":\"https:\/\/nuclearenergy.gr\/privacy-policy\/#primaryimage\"},\"image\":{\"@id\":\"https:\/\/nuclearenergy.gr\/privacy-policy\/#primaryimage\"},\"thumbnailUrl\":\"https:\/\/nuclearenergy.gr\/wp-content\/uploads\/2025\/05\/cropped-cropped-nuclear-energy-icon.jpg\",\"datePublished\":\"2024-11-27T17:28:25+00:00\",\"dateModified\":\"2025-09-19T10:17:06+00:00\",\"breadcrumb\":{\"@id\":\"https:\/\/nuclearenergy.gr\/privacy-policy\/#breadcrumb\"},\"inLanguage\":\"es\",\"potentialAction\":[{\"@type\":\"ReadAction\",\"target\":[\"https:\/\/nuclearenergy.gr\/privacy-policy\/\"]}]},{\"@type\":\"ImageObject\",\"inLanguage\":\"es\",\"@id\":\"https:\/\/nuclearenergy.gr\/privacy-policy\/#primaryimage\",\"url\":\"https:\/\/nuclearenergy.gr\/wp-content\/uploads\/2025\/05\/cropped-cropped-nuclear-energy-icon.jpg\",\"contentUrl\":\"https:\/\/nuclearenergy.gr\/wp-content\/uploads\/2025\/05\/cropped-cropped-nuclear-energy-icon.jpg\",\"width\":512,\"height\":512},{\"@type\":\"BreadcrumbList\",\"@id\":\"https:\/\/nuclearenergy.gr\/privacy-policy\/#breadcrumb\",\"itemListElement\":[{\"@type\":\"ListItem\",\"position\":1,\"name\":\"\u0391\u03c1\u03c7\u03b9\u03ba\u03ae\",\"item\":\"https:\/\/nuclearenergy.gr\/\"},{\"@type\":\"ListItem\",\"position\":2,\"name\":\"Privacy Policy\"}]},{\"@type\":\"WebSite\",\"@id\":\"https:\/\/nuclearenergy.gr\/#website\",\"url\":\"https:\/\/nuclearenergy.gr\/\",\"name\":\"\u03a0\u03c5\u03c1\u03b7\u03bd\u03b9\u03ba\u03ae \u03b5\u03bd\u03ad\u03c1\u03b3\u03b5\u03b9\u03b1\",\"description\":\"\u039c\u03b9\u03b1 \u03b9\u03c3\u03c4\u03bf\u03c3\u03b5\u03bb\u03af\u03b4\u03b1 \u03bc\u03b5 \u03c0\u03bb\u03b7\u03c1\u03bf\u03c6\u03bf\u03c1\u03af\u03b5\u03c2, \u03ac\u03c1\u03b8\u03c1\u03b1 \u03ba\u03b1\u03b9 \u03b3\u03c1\u03b1\u03c6\u03b9\u03ba\u03ad\u03c2 \u03b1\u03c0\u03b5\u03b9\u03ba\u03bf\u03bd\u03af\u03c3\u03b5\u03b9\u03c2 \u03c3\u03c7\u03b5\u03c4\u03b9\u03ba\u03ac \u03bc\u03b5 \u03c4\u03b7\u03bd \u03c0\u03c5\u03c1\u03b7\u03bd\u03b9\u03ba\u03ae \u03b5\u03bd\u03ad\u03c1\u03b3\u03b5\u03b9\u03b1\",\"publisher\":{\"@id\":\"https:\/\/nuclearenergy.gr\/#organization\"},\"potentialAction\":[{\"@type\":\"SearchAction\",\"target\":{\"@type\":\"EntryPoint\",\"urlTemplate\":\"https:\/\/nuclearenergy.gr\/?s={search_term_string}\"},\"query-input\":{\"@type\":\"PropertyValueSpecification\",\"valueRequired\":true,\"valueName\":\"search_term_string\"}}],\"inLanguage\":\"es\"},{\"@type\":\"Organization\",\"@id\":\"https:\/\/nuclearenergy.gr\/#organization\",\"name\":\"\u03a0\u03c5\u03c1\u03b7\u03bd\u03b9\u03ba\u03ae \u03b5\u03bd\u03ad\u03c1\u03b3\u03b5\u03b9\u03b1\",\"url\":\"https:\/\/nuclearenergy.gr\/\",\"logo\":{\"@type\":\"ImageObject\",\"inLanguage\":\"es\",\"@id\":\"https:\/\/nuclearenergy.gr\/#\/schema\/logo\/image\/\",\"url\":\"https:\/\/nuclearenergy.gr\/wp-content\/uploads\/2025\/11\/cropped-cropped-nuclear-energy-icon.jpg\",\"contentUrl\":\"https:\/\/nuclearenergy.gr\/wp-content\/uploads\/2025\/11\/cropped-cropped-nuclear-energy-icon.jpg\",\"width\":120,\"height\":120,\"caption\":\"\u03a0\u03c5\u03c1\u03b7\u03bd\u03b9\u03ba\u03ae \u03b5\u03bd\u03ad\u03c1\u03b3\u03b5\u03b9\u03b1\"},\"image\":{\"@id\":\"https:\/\/nuclearenergy.gr\/#\/schema\/logo\/image\/\"}}]}<\/script>\n<!-- \/ Yoast SEO Premium plugin. -->","yoast_head_json":{"title":"Pol\u00edtica de privacidad - Energ\u00eda nuclear","robots":{"index":"noindex","follow":"follow"},"og_locale":"es_ES","og_type":"article","og_title":"Privacy Policy","og_description":"Privacy Policy \u2013 NuclearEnergy.gr Effective date: 19\/09\/2025 At www.nuclearenergy.gr , your privacy is important to us. This Privacy","og_url":"https:\/\/nuclearenergy.gr\/es\/politica-de-privacidad\/","og_site_name":"\u03a0\u03c5\u03c1\u03b7\u03bd\u03b9\u03ba\u03ae \u03b5\u03bd\u03ad\u03c1\u03b3\u03b5\u03b9\u03b1","article_modified_time":"2025-09-19T10:17:06+00:00","og_image":[{"width":512,"height":512,"url":"https:\/\/nuclearenergy.gr\/wp-content\/uploads\/2025\/05\/cropped-cropped-nuclear-energy-icon.jpg","type":"image\/jpeg"}],"twitter_card":"summary_large_image","twitter_misc":{"Tiempo de lectura":"4 minutos"},"schema":{"@context":"https:\/\/schema.org","@graph":[{"@type":"WebPage","@id":"https:\/\/nuclearenergy.gr\/privacy-policy\/","url":"https:\/\/nuclearenergy.gr\/privacy-policy\/","name":"Pol\u00edtica de privacidad - Energ\u00eda nuclear","isPartOf":{"@id":"https:\/\/nuclearenergy.gr\/#website"},"primaryImageOfPage":{"@id":"https:\/\/nuclearenergy.gr\/privacy-policy\/#primaryimage"},"image":{"@id":"https:\/\/nuclearenergy.gr\/privacy-policy\/#primaryimage"},"thumbnailUrl":"https:\/\/nuclearenergy.gr\/wp-content\/uploads\/2025\/05\/cropped-cropped-nuclear-energy-icon.jpg","datePublished":"2024-11-27T17:28:25+00:00","dateModified":"2025-09-19T10:17:06+00:00","breadcrumb":{"@id":"https:\/\/nuclearenergy.gr\/privacy-policy\/#breadcrumb"},"inLanguage":"es","potentialAction":[{"@type":"ReadAction","target":["https:\/\/nuclearenergy.gr\/privacy-policy\/"]}]},{"@type":"ImageObject","inLanguage":"es","@id":"https:\/\/nuclearenergy.gr\/privacy-policy\/#primaryimage","url":"https:\/\/nuclearenergy.gr\/wp-content\/uploads\/2025\/05\/cropped-cropped-nuclear-energy-icon.jpg","contentUrl":"https:\/\/nuclearenergy.gr\/wp-content\/uploads\/2025\/05\/cropped-cropped-nuclear-energy-icon.jpg","width":512,"height":512},{"@type":"BreadcrumbList","@id":"https:\/\/nuclearenergy.gr\/privacy-policy\/#breadcrumb","itemListElement":[{"@type":"ListItem","position":1,"name":"\u0391\u03c1\u03c7\u03b9\u03ba\u03ae","item":"https:\/\/nuclearenergy.gr\/"},{"@type":"ListItem","position":2,"name":"Privacy Policy"}]},{"@type":"WebSite","@id":"https:\/\/nuclearenergy.gr\/#website","url":"https:\/\/nuclearenergy.gr\/","name":"Energ\u00eda nuclear","description":"Un sitio web con informaci\u00f3n, art\u00edculos y gr\u00e1ficos sobre la energ\u00eda nuclear.","publisher":{"@id":"https:\/\/nuclearenergy.gr\/#organization"},"potentialAction":[{"@type":"SearchAction","target":{"@type":"EntryPoint","urlTemplate":"https:\/\/nuclearenergy.gr\/?s={search_term_string}"},"query-input":{"@type":"PropertyValueSpecification","valueRequired":true,"valueName":"search_term_string"}}],"inLanguage":"es"},{"@type":"Organization","@id":"https:\/\/nuclearenergy.gr\/#organization","name":"Energ\u00eda nuclear","url":"https:\/\/nuclearenergy.gr\/","logo":{"@type":"ImageObject","inLanguage":"es","@id":"https:\/\/nuclearenergy.gr\/#\/schema\/logo\/image\/","url":"https:\/\/nuclearenergy.gr\/wp-content\/uploads\/2025\/11\/cropped-cropped-nuclear-energy-icon.jpg","contentUrl":"https:\/\/nuclearenergy.gr\/wp-content\/uploads\/2025\/11\/cropped-cropped-nuclear-energy-icon.jpg","width":120,"height":120,"caption":"\u03a0\u03c5\u03c1\u03b7\u03bd\u03b9\u03ba\u03ae \u03b5\u03bd\u03ad\u03c1\u03b3\u03b5\u03b9\u03b1"},"image":{"@id":"https:\/\/nuclearenergy.gr\/#\/schema\/logo\/image\/"}}]}},"_links":{"self":[{"href":"https:\/\/nuclearenergy.gr\/es\/wp-json\/wp\/v2\/pages\/3","targetHints":{"allow":["GET"]}}],"collection":[{"href":"https:\/\/nuclearenergy.gr\/es\/wp-json\/wp\/v2\/pages"}],"about":[{"href":"https:\/\/nuclearenergy.gr\/es\/wp-json\/wp\/v2\/types\/page"}],"author":[{"embeddable":true,"href":"https:\/\/nuclearenergy.gr\/es\/wp-json\/wp\/v2\/users\/1"}],"replies":[{"embeddable":true,"href":"https:\/\/nuclearenergy.gr\/es\/wp-json\/wp\/v2\/comments?post=3"}],"version-history":[{"count":2,"href":"https:\/\/nuclearenergy.gr\/es\/wp-json\/wp\/v2\/pages\/3\/revisions"}],"predecessor-version":[{"id":1535,"href":"https:\/\/nuclearenergy.gr\/es\/wp-json\/wp\/v2\/pages\/3\/revisions\/1535"}],"wp:featuredmedia":[{"embeddable":true,"href":"https:\/\/nuclearenergy.gr\/es\/wp-json\/wp\/v2\/media\/107"}],"wp:attachment":[{"href":"https:\/\/nuclearenergy.gr\/es\/wp-json\/wp\/v2\/media?parent=3"}],"curies":[{"name":"wp","href":"https:\/\/api.w.org\/{rel}","templated":true}]}}