{"id":3,"date":"2024-11-27T17:28:25","date_gmt":"2024-11-27T17:28:25","guid":{"rendered":"http:\/\/nuclearenergy.gr\/?page_id=3"},"modified":"2025-09-19T10:17:06","modified_gmt":"2025-09-19T10:17:06","slug":"politique-de-confidentialite","status":"publish","type":"page","link":"https:\/\/nuclearenergy.gr\/fr\/politique-de-confidentialite\/","title":{"rendered":"politique de confidentialit\u00e9"},"content":{"rendered":"<h1 class=\"wp-block-heading\" data-start=\"207\" data-end=\"242\">Politique de confidentialit\u00e9 \u2013 NuclearEnergy.gr<\/h1>\r\n<p data-start=\"244\" data-end=\"287\"><strong data-start=\"244\" data-end=\"263\">Date d&#039;entr\u00e9e en vigueur :<\/strong> 19\/09\/2025<\/p>\r\n<p data-start=\"289\" data-end=\"545\">\u00c0 <strong data-start=\"292\" data-end=\"316\"><a class=\"decorated-link\" href=\"https:\/\/nuclearenergy.gr\/fr\/\" target=\"_new\" rel=\"noopener\" data-start=\"294\" data-end=\"314\">www.nuclearenergy.gr<\/a><\/strong> Votre vie priv\u00e9e est importante pour nous. Cette politique de confidentialit\u00e9 explique comment nous collectons, utilisons et prot\u00e9geons vos donn\u00e9es personnelles lorsque vous visitez notre site web et comment nous affichons des publicit\u00e9s via Google AdSense et Ezoic.<\/p>\r\n<hr data-start=\"547\" data-end=\"550\" \/>\r\n<h2 data-start=\"552\" data-end=\"580\">1. Informations que nous collectons<\/h2>\r\n<p data-start=\"582\" data-end=\"649\">Nous pouvons collecter les informations suivantes lorsque vous visitez notre site :<\/p>\r\n<ul data-start=\"651\" data-end=\"942\">\r\n<li data-start=\"651\" data-end=\"735\">\r\n<p data-start=\"653\" data-end=\"735\"><strong data-start=\"653\" data-end=\"690\">Cookies et technologies similaires :<\/strong> Pour suivre l\u2019activit\u00e9 et les pr\u00e9f\u00e9rences du site Web.<\/p>\r\n<\/li>\r\n<li data-start=\"736\" data-end=\"835\">\r\n<p data-start=\"738\" data-end=\"835\"><strong data-start=\"738\" data-end=\"777\">Adresse IP et informations du navigateur :<\/strong> Collect\u00e9es automatiquement pour am\u00e9liorer les performances du site Web.<\/p>\r\n<\/li>\r\n<li data-start=\"836\" data-end=\"942\">\r\n<p data-start=\"838\" data-end=\"942\"><strong data-start=\"838\" data-end=\"864\">Interactions avec les publicit\u00e9s\u00a0:<\/strong> Donn\u00e9es collect\u00e9es par des partenaires publicitaires tiers (Google AdSense, Ezoic).<\/p>\r\n<\/li>\r\n<\/ul>\r\n<hr data-start=\"944\" data-end=\"947\" \/>\r\n<h2 data-start=\"949\" data-end=\"982\">2. Comment nous utilisons vos informations<\/h2>\r\n<p data-start=\"984\" data-end=\"1012\">Vos donn\u00e9es peuvent \u00eatre utilis\u00e9es pour :<\/p>\r\n<ul data-start=\"1014\" data-end=\"1159\">\r\n<li data-start=\"1014\" data-end=\"1059\">\r\n<p data-start=\"1016\" data-end=\"1059\">Affichage d&#039;annonces personnalis\u00e9es et pertinentes.<\/p>\r\n<\/li>\r\n<li data-start=\"1060\" data-end=\"1114\">\r\n<p data-start=\"1062\" data-end=\"1114\">Am\u00e9liorer les performances du site Web et l&#039;exp\u00e9rience utilisateur.<\/p>\r\n<\/li>\r\n<li data-start=\"1115\" data-end=\"1159\">\r\n<p data-start=\"1117\" data-end=\"1159\">Mesurer et analyser le trafic du site Web.<\/p>\r\n<\/li>\r\n<\/ul>\r\n<p data-start=\"1161\" data-end=\"1225\">Nous <strong data-start=\"1164\" data-end=\"1205\">ne vendez pas vos informations personnelles<\/strong> \u00e0 des tiers.<\/p>\r\n<hr data-start=\"1227\" data-end=\"1230\" \/>\r\n<h2 data-start=\"1232\" data-end=\"1258\">3. Partenaires publicitaires<\/h2>\r\n<p data-start=\"1260\" data-end=\"1499\">Notre site utilise <strong data-start=\"1274\" data-end=\"1292\">Google AdSense<\/strong> et <strong data-start=\"1297\" data-end=\"1306\">\u00c9zo\u00efque<\/strong> pour diffuser des publicit\u00e9s. Ces partenaires tiers peuvent utiliser des cookies et d&#039;autres technologies de suivi pour recueillir des informations sur votre navigation sur notre site et sur d&#039;autres sites web.<\/p>\r\n<ul data-start=\"1501\" data-end=\"1741\">\r\n<li data-start=\"1501\" data-end=\"1632\">\r\n<p data-start=\"1503\" data-end=\"1632\"><strong data-start=\"1503\" data-end=\"1537\">Politique de confidentialit\u00e9 de Google AdSense\u00a0:<\/strong> <a class=\"decorated-link cursor-pointer\" target=\"_new\" rel=\"noopener\" data-start=\"1538\" data-end=\"1630\">https:\/\/policies.google.com\/technologies\/ads<\/a><\/p>\r\n<\/li>\r\n<li data-start=\"1633\" data-end=\"1741\">\r\n<p data-start=\"1635\" data-end=\"1741\"><strong data-start=\"1635\" data-end=\"1660\">Politique de confidentialit\u00e9 d&#039;Ezoic :<\/strong> <a class=\"decorated-link cursor-pointer\" target=\"_new\" rel=\"noopener\" data-start=\"1661\" data-end=\"1739\">https:\/\/www.ezoic.com\/privacy-policy\/<\/a><\/p>\r\n<\/li>\r\n<\/ul>\r\n<p data-start=\"1743\" data-end=\"1885\">Ces technologies permettent de diffuser des publicit\u00e9s personnalis\u00e9es en fonction de vos centres d&#039;int\u00e9r\u00eat. Vous pouvez g\u00e9rer vos pr\u00e9f\u00e9rences publicitaires via <strong data-start=\"1860\" data-end=\"1882\">Param\u00e8tres des annonces Google<\/strong>.<\/p>\r\n<hr data-start=\"1887\" data-end=\"1890\" \/>\r\n<h2 data-start=\"1892\" data-end=\"1905\">4. Cookies<\/h2>\r\n<p data-start=\"1907\" data-end=\"1937\">Notre site Web utilise des cookies pour :<\/p>\r\n<ul data-start=\"1939\" data-end=\"2053\">\r\n<li data-start=\"1939\" data-end=\"1974\">\r\n<p data-start=\"1941\" data-end=\"1974\">M\u00e9morisez vos pr\u00e9f\u00e9rences de site.<\/p>\r\n<\/li>\r\n<li data-start=\"1975\" data-end=\"2003\">\r\n<p data-start=\"1977\" data-end=\"2003\">Am\u00e9liorer l&#039;exp\u00e9rience utilisateur.<\/p>\r\n<\/li>\r\n<li data-start=\"2004\" data-end=\"2053\">\r\n<p data-start=\"2006\" data-end=\"2053\">Diffusez des annonces personnalis\u00e9es via AdSense et Ezoic.<\/p>\r\n<\/li>\r\n<\/ul>\r\n<p data-start=\"2055\" data-end=\"2181\">Vous pouvez g\u00e9rer ou d\u00e9sactiver les cookies via les param\u00e8tres de votre navigateur, mais certaines fonctionnalit\u00e9s du site Web peuvent ne pas fonctionner correctement.<\/p>\r\n<hr data-start=\"2183\" data-end=\"2186\" \/>\r\n<h2 data-start=\"2188\" data-end=\"2201\">5. Consent<\/h2>\r\n<p data-start=\"2203\" data-end=\"2360\">En utilisant <strong data-start=\"2212\" data-end=\"2236\"><a class=\"decorated-link\" href=\"https:\/\/nuclearenergy.gr\/fr\/\" target=\"_new\" rel=\"noopener\" data-start=\"2214\" data-end=\"2234\">www.nuclearenergy.gr<\/a><\/strong>, vous consentez \u00e0 notre utilisation de cookies et \u00e0 ce que vos donn\u00e9es soient utilis\u00e9es \u00e0 des fins publicitaires comme d\u00e9crit dans la pr\u00e9sente politique de confidentialit\u00e9.<\/p>\r\n<hr data-start=\"2362\" data-end=\"2365\" \/>\r\n<h2 data-start=\"2367\" data-end=\"2390\">6. Liens tiers<\/h2>\r\n<p data-start=\"2392\" data-end=\"2578\">Notre site Web peut contenir des liens vers des sites Web tiers. Nous sommes <strong data-start=\"2454\" data-end=\"2473\">pas responsable<\/strong> Pour conna\u00eetre les pratiques de confidentialit\u00e9 de ces sites web externes, nous vous encourageons \u00e0 consulter leurs politiques de confidentialit\u00e9.<\/p>\r\n<hr data-start=\"2580\" data-end=\"2583\" \/>\r\n<h2 data-start=\"2585\" data-end=\"2604\">7. S\u00e9curit\u00e9 des donn\u00e9es<\/h2>\r\n<p data-start=\"2606\" data-end=\"2776\">Nous mettons en \u0153uvre des mesures de s\u00e9curit\u00e9 raisonnables pour prot\u00e9ger les donn\u00e9es collect\u00e9es aupr\u00e8s des visiteurs. Cependant, aucune transmission de donn\u00e9es sur Internet ne peut \u00eatre garantie comme \u00e9tant s\u00e9curis\u00e9e 100%.<\/p>\r\n<hr data-start=\"2778\" data-end=\"2781\" \/>\r\n<h2 data-start=\"2783\" data-end=\"2819\">8. Modifications de la pr\u00e9sente politique de confidentialit\u00e9<\/h2>\r\n<p data-start=\"2821\" data-end=\"2949\">Nous sommes susceptibles de mettre \u00e0 jour cette Politique de confidentialit\u00e9 de temps \u00e0 autre. Toute modification sera publi\u00e9e sur cette page avec une date d&#039;entr\u00e9e en vigueur actualis\u00e9e.<\/p>\r\n<div class=\"privacy-headline\">\r\n<h1>Services Ezoic<\/h1>\r\n<\/div>\r\n<div class=\"privacy-content\">\r\n<p>Services Ezoic<br \/>Ce site web utilise les services d&#039;Ezoic Inc. (\u00ab\u00a0Ezoic\u00a0\u00bb), notamment pour g\u00e9rer la publicit\u00e9 cibl\u00e9e par centres d&#039;int\u00e9r\u00eat de tiers. Ezoic peut utiliser diverses technologies sur ce site web, notamment des outils pour diffuser du contenu, afficher des publicit\u00e9s et proposer de la publicit\u00e9 aux visiteurs, qui peuvent utiliser des cookies propri\u00e9taires et tiers.<br \/>Un cookie est un petit fichier texte envoy\u00e9 \u00e0 votre appareil par un serveur web qui permet au site web de m\u00e9moriser des informations sur votre navigation. Les cookies propri\u00e9taires sont cr\u00e9\u00e9s par le site que vous visitez, tandis que les cookies tiers sont install\u00e9s par des domaines autres que celui que vous visitez. Ezoic et ses partenaires peuvent placer des cookies tiers, des balises, des pixels invisibles et des technologies similaires pour surveiller les interactions avec les publicit\u00e9s et optimiser le ciblage publicitaire. Veuillez noter que la d\u00e9sactivation des cookies peut limiter l&#039;acc\u00e8s \u00e0 certains contenus et fonctionnalit\u00e9s du site web, et que le rejet des cookies ne supprime pas les publicit\u00e9s, mais entra\u00eenera une publicit\u00e9 non personnalis\u00e9e. Vous trouverez plus d&#039;informations sur les cookies et leur gestion.\u00a0<a href=\"https:\/\/allaboutcookies.org\/\" target=\"_blank\" rel=\"noopener\">ici<\/a>.<br \/>Les informations suivantes peuvent \u00eatre collect\u00e9es, utilis\u00e9es et stock\u00e9es dans un cookie lors de la diffusion d&#039;annonces personnalis\u00e9es\u00a0:<\/p>\r\n<ul>\r\n<li>adresse IP<\/li>\r\n<li>Type et version du syst\u00e8me d&#039;exploitation<\/li>\r\n<li>Type d&#039;appareil<\/li>\r\n<li>Pr\u00e9f\u00e9rences linguistiques<\/li>\r\n<li>Type de navigateur Web<\/li>\r\n<li>E-mail (sous forme hach\u00e9e ou crypt\u00e9e)<\/li>\r\n<\/ul>\r\nEzoic et ses partenaires peuvent utiliser ces donn\u00e9es en combinaison avec des informations collect\u00e9es ind\u00e9pendamment pour diffuser des publicit\u00e9s cibl\u00e9es sur diff\u00e9rentes plateformes et sites web. Les partenaires d&#039;Ezoic peuvent \u00e9galement collecter des donn\u00e9es suppl\u00e9mentaires, telles que des identifiants uniques, des identifiants publicitaires, des donn\u00e9es de g\u00e9olocalisation, des donn\u00e9es d&#039;utilisation, des informations sur les appareils, des donn\u00e9es de trafic, des sources de r\u00e9f\u00e9rence et des interactions entre les utilisateurs et les sites web ou les publicit\u00e9s, afin de cr\u00e9er des segments d&#039;audience pour des publicit\u00e9s cibl\u00e9es sur diff\u00e9rents appareils, navigateurs et applications. Vous trouverez plus d&#039;informations sur la publicit\u00e9 cibl\u00e9e par centres d&#039;int\u00e9r\u00eat et sa gestion.\u00a0<a href=\"https:\/\/youradchoices.com\/\" target=\"_blank\" rel=\"noopener\">ici<\/a>.<br \/>Vous pouvez consulter la politique de confidentialit\u00e9 d&#039;Ezoic\u00a0<a href=\"https:\/\/ezoic.com\/privacy\/\" target=\"_blank\" rel=\"noopener\">ici<\/a>, ou pour plus d&#039;informations sur la publicit\u00e9 d&#039;Ezoic et d&#039;autres partenaires, vous pouvez<\/div>","protected":false},"excerpt":{"rendered":"<p>Politique de confidentialit\u00e9 \u2013 NuclearEnergy.gr Date d&#039;entr\u00e9e en vigueur : 19\/09\/2025 Chez www.nuclearenergy.gr, votre vie priv\u00e9e est importante pour nous. Cette politique de confidentialit\u00e9<\/p>","protected":false},"author":1,"featured_media":107,"parent":0,"menu_order":0,"comment_status":"closed","ping_status":"open","template":"","meta":{"footnotes":""},"class_list":["post-3","page","type-page","status-publish","has-post-thumbnail","hentry"],"yoast_head":"<!-- This site is optimized with the Yoast SEO Premium plugin v23.9 (Yoast SEO v23.9) - https:\/\/yoast.com\/wordpress\/plugins\/seo\/ -->\n<title>Privacy Policy - \u03a0\u03c5\u03c1\u03b7\u03bd\u03b9\u03ba\u03ae \u03b5\u03bd\u03ad\u03c1\u03b3\u03b5\u03b9\u03b1<\/title>\n<meta name=\"robots\" content=\"noindex, follow\" \/>\n<meta property=\"og:locale\" content=\"fr_FR\" \/>\n<meta property=\"og:type\" content=\"article\" \/>\n<meta property=\"og:title\" content=\"Privacy Policy\" \/>\n<meta property=\"og:description\" content=\"Privacy Policy \u2013 NuclearEnergy.gr Effective date: 19\/09\/2025 At www.nuclearenergy.gr , your privacy is important to us. This Privacy\" \/>\n<meta property=\"og:url\" content=\"https:\/\/nuclearenergy.gr\/fr\/politique-de-confidentialite\/\" \/>\n<meta property=\"og:site_name\" content=\"\u03a0\u03c5\u03c1\u03b7\u03bd\u03b9\u03ba\u03ae \u03b5\u03bd\u03ad\u03c1\u03b3\u03b5\u03b9\u03b1\" \/>\n<meta property=\"article:modified_time\" content=\"2025-09-19T10:17:06+00:00\" \/>\n<meta property=\"og:image\" content=\"https:\/\/nuclearenergy.gr\/wp-content\/uploads\/2025\/05\/cropped-cropped-nuclear-energy-icon.jpg\" \/>\n\t<meta property=\"og:image:width\" content=\"512\" \/>\n\t<meta property=\"og:image:height\" content=\"512\" \/>\n\t<meta property=\"og:image:type\" content=\"image\/jpeg\" \/>\n<meta name=\"twitter:card\" content=\"summary_large_image\" \/>\n<meta name=\"twitter:label1\" content=\"Dur\u00e9e de lecture estim\u00e9e\" \/>\n\t<meta name=\"twitter:data1\" content=\"4 minutes\" \/>\n<script type=\"application\/ld+json\" class=\"yoast-schema-graph\">{\"@context\":\"https:\/\/schema.org\",\"@graph\":[{\"@type\":\"WebPage\",\"@id\":\"https:\/\/nuclearenergy.gr\/privacy-policy\/\",\"url\":\"https:\/\/nuclearenergy.gr\/privacy-policy\/\",\"name\":\"Privacy Policy - \u03a0\u03c5\u03c1\u03b7\u03bd\u03b9\u03ba\u03ae \u03b5\u03bd\u03ad\u03c1\u03b3\u03b5\u03b9\u03b1\",\"isPartOf\":{\"@id\":\"https:\/\/nuclearenergy.gr\/#website\"},\"primaryImageOfPage\":{\"@id\":\"https:\/\/nuclearenergy.gr\/privacy-policy\/#primaryimage\"},\"image\":{\"@id\":\"https:\/\/nuclearenergy.gr\/privacy-policy\/#primaryimage\"},\"thumbnailUrl\":\"https:\/\/nuclearenergy.gr\/wp-content\/uploads\/2025\/05\/cropped-cropped-nuclear-energy-icon.jpg\",\"datePublished\":\"2024-11-27T17:28:25+00:00\",\"dateModified\":\"2025-09-19T10:17:06+00:00\",\"breadcrumb\":{\"@id\":\"https:\/\/nuclearenergy.gr\/privacy-policy\/#breadcrumb\"},\"inLanguage\":\"fr-FR\",\"potentialAction\":[{\"@type\":\"ReadAction\",\"target\":[\"https:\/\/nuclearenergy.gr\/privacy-policy\/\"]}]},{\"@type\":\"ImageObject\",\"inLanguage\":\"fr-FR\",\"@id\":\"https:\/\/nuclearenergy.gr\/privacy-policy\/#primaryimage\",\"url\":\"https:\/\/nuclearenergy.gr\/wp-content\/uploads\/2025\/05\/cropped-cropped-nuclear-energy-icon.jpg\",\"contentUrl\":\"https:\/\/nuclearenergy.gr\/wp-content\/uploads\/2025\/05\/cropped-cropped-nuclear-energy-icon.jpg\",\"width\":512,\"height\":512},{\"@type\":\"BreadcrumbList\",\"@id\":\"https:\/\/nuclearenergy.gr\/privacy-policy\/#breadcrumb\",\"itemListElement\":[{\"@type\":\"ListItem\",\"position\":1,\"name\":\"\u0391\u03c1\u03c7\u03b9\u03ba\u03ae\",\"item\":\"https:\/\/nuclearenergy.gr\/\"},{\"@type\":\"ListItem\",\"position\":2,\"name\":\"Privacy Policy\"}]},{\"@type\":\"WebSite\",\"@id\":\"https:\/\/nuclearenergy.gr\/#website\",\"url\":\"https:\/\/nuclearenergy.gr\/\",\"name\":\"\u03a0\u03c5\u03c1\u03b7\u03bd\u03b9\u03ba\u03ae \u03b5\u03bd\u03ad\u03c1\u03b3\u03b5\u03b9\u03b1\",\"description\":\"\u039c\u03b9\u03b1 \u03b9\u03c3\u03c4\u03bf\u03c3\u03b5\u03bb\u03af\u03b4\u03b1 \u03bc\u03b5 \u03c0\u03bb\u03b7\u03c1\u03bf\u03c6\u03bf\u03c1\u03af\u03b5\u03c2, \u03ac\u03c1\u03b8\u03c1\u03b1 \u03ba\u03b1\u03b9 \u03b3\u03c1\u03b1\u03c6\u03b9\u03ba\u03ad\u03c2 \u03b1\u03c0\u03b5\u03b9\u03ba\u03bf\u03bd\u03af\u03c3\u03b5\u03b9\u03c2 \u03c3\u03c7\u03b5\u03c4\u03b9\u03ba\u03ac \u03bc\u03b5 \u03c4\u03b7\u03bd \u03c0\u03c5\u03c1\u03b7\u03bd\u03b9\u03ba\u03ae \u03b5\u03bd\u03ad\u03c1\u03b3\u03b5\u03b9\u03b1\",\"publisher\":{\"@id\":\"https:\/\/nuclearenergy.gr\/#organization\"},\"potentialAction\":[{\"@type\":\"SearchAction\",\"target\":{\"@type\":\"EntryPoint\",\"urlTemplate\":\"https:\/\/nuclearenergy.gr\/?s={search_term_string}\"},\"query-input\":{\"@type\":\"PropertyValueSpecification\",\"valueRequired\":true,\"valueName\":\"search_term_string\"}}],\"inLanguage\":\"fr-FR\"},{\"@type\":\"Organization\",\"@id\":\"https:\/\/nuclearenergy.gr\/#organization\",\"name\":\"\u03a0\u03c5\u03c1\u03b7\u03bd\u03b9\u03ba\u03ae \u03b5\u03bd\u03ad\u03c1\u03b3\u03b5\u03b9\u03b1\",\"url\":\"https:\/\/nuclearenergy.gr\/\",\"logo\":{\"@type\":\"ImageObject\",\"inLanguage\":\"fr-FR\",\"@id\":\"https:\/\/nuclearenergy.gr\/#\/schema\/logo\/image\/\",\"url\":\"https:\/\/nuclearenergy.gr\/wp-content\/uploads\/2025\/11\/cropped-cropped-nuclear-energy-icon.jpg\",\"contentUrl\":\"https:\/\/nuclearenergy.gr\/wp-content\/uploads\/2025\/11\/cropped-cropped-nuclear-energy-icon.jpg\",\"width\":120,\"height\":120,\"caption\":\"\u03a0\u03c5\u03c1\u03b7\u03bd\u03b9\u03ba\u03ae \u03b5\u03bd\u03ad\u03c1\u03b3\u03b5\u03b9\u03b1\"},\"image\":{\"@id\":\"https:\/\/nuclearenergy.gr\/#\/schema\/logo\/image\/\"}}]}<\/script>\n<!-- \/ Yoast SEO Premium plugin. -->","yoast_head_json":{"title":"Politique de confidentialit\u00e9 - \u00c9nergie nucl\u00e9aire","robots":{"index":"noindex","follow":"follow"},"og_locale":"fr_FR","og_type":"article","og_title":"Privacy Policy","og_description":"Privacy Policy \u2013 NuclearEnergy.gr Effective date: 19\/09\/2025 At www.nuclearenergy.gr , your privacy is important to us. This Privacy","og_url":"https:\/\/nuclearenergy.gr\/fr\/politique-de-confidentialite\/","og_site_name":"\u03a0\u03c5\u03c1\u03b7\u03bd\u03b9\u03ba\u03ae \u03b5\u03bd\u03ad\u03c1\u03b3\u03b5\u03b9\u03b1","article_modified_time":"2025-09-19T10:17:06+00:00","og_image":[{"width":512,"height":512,"url":"https:\/\/nuclearenergy.gr\/wp-content\/uploads\/2025\/05\/cropped-cropped-nuclear-energy-icon.jpg","type":"image\/jpeg"}],"twitter_card":"summary_large_image","twitter_misc":{"Dur\u00e9e de lecture estim\u00e9e":"4 minutes"},"schema":{"@context":"https:\/\/schema.org","@graph":[{"@type":"WebPage","@id":"https:\/\/nuclearenergy.gr\/privacy-policy\/","url":"https:\/\/nuclearenergy.gr\/privacy-policy\/","name":"Politique de confidentialit\u00e9 - \u00c9nergie nucl\u00e9aire","isPartOf":{"@id":"https:\/\/nuclearenergy.gr\/#website"},"primaryImageOfPage":{"@id":"https:\/\/nuclearenergy.gr\/privacy-policy\/#primaryimage"},"image":{"@id":"https:\/\/nuclearenergy.gr\/privacy-policy\/#primaryimage"},"thumbnailUrl":"https:\/\/nuclearenergy.gr\/wp-content\/uploads\/2025\/05\/cropped-cropped-nuclear-energy-icon.jpg","datePublished":"2024-11-27T17:28:25+00:00","dateModified":"2025-09-19T10:17:06+00:00","breadcrumb":{"@id":"https:\/\/nuclearenergy.gr\/privacy-policy\/#breadcrumb"},"inLanguage":"fr-FR","potentialAction":[{"@type":"ReadAction","target":["https:\/\/nuclearenergy.gr\/privacy-policy\/"]}]},{"@type":"ImageObject","inLanguage":"fr-FR","@id":"https:\/\/nuclearenergy.gr\/privacy-policy\/#primaryimage","url":"https:\/\/nuclearenergy.gr\/wp-content\/uploads\/2025\/05\/cropped-cropped-nuclear-energy-icon.jpg","contentUrl":"https:\/\/nuclearenergy.gr\/wp-content\/uploads\/2025\/05\/cropped-cropped-nuclear-energy-icon.jpg","width":512,"height":512},{"@type":"BreadcrumbList","@id":"https:\/\/nuclearenergy.gr\/privacy-policy\/#breadcrumb","itemListElement":[{"@type":"ListItem","position":1,"name":"\u0391\u03c1\u03c7\u03b9\u03ba\u03ae","item":"https:\/\/nuclearenergy.gr\/"},{"@type":"ListItem","position":2,"name":"Privacy Policy"}]},{"@type":"WebSite","@id":"https:\/\/nuclearenergy.gr\/#website","url":"https:\/\/nuclearenergy.gr\/","name":"\u00c9nergie nucl\u00e9aire","description":"Un site Web contenant des informations, des articles et des graphiques sur l&#039;\u00e9nergie nucl\u00e9aire","publisher":{"@id":"https:\/\/nuclearenergy.gr\/#organization"},"potentialAction":[{"@type":"SearchAction","target":{"@type":"EntryPoint","urlTemplate":"https:\/\/nuclearenergy.gr\/?s={search_term_string}"},"query-input":{"@type":"PropertyValueSpecification","valueRequired":true,"valueName":"search_term_string"}}],"inLanguage":"fr-FR"},{"@type":"Organization","@id":"https:\/\/nuclearenergy.gr\/#organization","name":"\u00c9nergie nucl\u00e9aire","url":"https:\/\/nuclearenergy.gr\/","logo":{"@type":"ImageObject","inLanguage":"fr-FR","@id":"https:\/\/nuclearenergy.gr\/#\/schema\/logo\/image\/","url":"https:\/\/nuclearenergy.gr\/wp-content\/uploads\/2025\/11\/cropped-cropped-nuclear-energy-icon.jpg","contentUrl":"https:\/\/nuclearenergy.gr\/wp-content\/uploads\/2025\/11\/cropped-cropped-nuclear-energy-icon.jpg","width":120,"height":120,"caption":"\u03a0\u03c5\u03c1\u03b7\u03bd\u03b9\u03ba\u03ae \u03b5\u03bd\u03ad\u03c1\u03b3\u03b5\u03b9\u03b1"},"image":{"@id":"https:\/\/nuclearenergy.gr\/#\/schema\/logo\/image\/"}}]}},"_links":{"self":[{"href":"https:\/\/nuclearenergy.gr\/fr\/wp-json\/wp\/v2\/pages\/3","targetHints":{"allow":["GET"]}}],"collection":[{"href":"https:\/\/nuclearenergy.gr\/fr\/wp-json\/wp\/v2\/pages"}],"about":[{"href":"https:\/\/nuclearenergy.gr\/fr\/wp-json\/wp\/v2\/types\/page"}],"author":[{"embeddable":true,"href":"https:\/\/nuclearenergy.gr\/fr\/wp-json\/wp\/v2\/users\/1"}],"replies":[{"embeddable":true,"href":"https:\/\/nuclearenergy.gr\/fr\/wp-json\/wp\/v2\/comments?post=3"}],"version-history":[{"count":2,"href":"https:\/\/nuclearenergy.gr\/fr\/wp-json\/wp\/v2\/pages\/3\/revisions"}],"predecessor-version":[{"id":1535,"href":"https:\/\/nuclearenergy.gr\/fr\/wp-json\/wp\/v2\/pages\/3\/revisions\/1535"}],"wp:featuredmedia":[{"embeddable":true,"href":"https:\/\/nuclearenergy.gr\/fr\/wp-json\/wp\/v2\/media\/107"}],"wp:attachment":[{"href":"https:\/\/nuclearenergy.gr\/fr\/wp-json\/wp\/v2\/media?parent=3"}],"curies":[{"name":"wp","href":"https:\/\/api.w.org\/{rel}","templated":true}]}}