{"id":3,"date":"2024-11-27T17:28:25","date_gmt":"2024-11-27T17:28:25","guid":{"rendered":"http:\/\/nuclearenergy.gr\/?page_id=3"},"modified":"2025-09-19T10:17:06","modified_gmt":"2025-09-19T10:17:06","slug":"politica-sulla-riservatezza","status":"publish","type":"page","link":"https:\/\/nuclearenergy.gr\/it\/politica-sulla-riservatezza\/","title":{"rendered":"politica sulla riservatezza"},"content":{"rendered":"<h1 class=\"wp-block-heading\" data-start=\"207\" data-end=\"242\">Informativa sulla privacy \u2013 NuclearEnergy.gr<\/h1>\r\n<p data-start=\"244\" data-end=\"287\"><strong data-start=\"244\" data-end=\"263\">Data di entrata in vigore:<\/strong> 19\/09\/2025<\/p>\r\n<p data-start=\"289\" data-end=\"545\">A <strong data-start=\"292\" data-end=\"316\"><a class=\"decorated-link\" href=\"https:\/\/nuclearenergy.gr\/it\/\" target=\"_new\" rel=\"noopener\" data-start=\"294\" data-end=\"314\">www.nuclearenergy.gr<\/a><\/strong> La tua privacy \u00e8 importante per noi. La presente Informativa sulla privacy spiega come raccogliamo, utilizziamo e proteggiamo i tuoi dati personali quando visiti il nostro sito web e come mostriamo la pubblicit\u00e0 tramite Google AdSense ed Ezoic.<\/p>\r\n<hr data-start=\"547\" data-end=\"550\" \/>\r\n<h2 data-start=\"552\" data-end=\"580\">1. Informazioni che raccogliamo<\/h2>\r\n<p data-start=\"582\" data-end=\"649\">Potremmo raccogliere le seguenti informazioni quando visiti il nostro sito:<\/p>\r\n<ul data-start=\"651\" data-end=\"942\">\r\n<li data-start=\"651\" data-end=\"735\">\r\n<p data-start=\"653\" data-end=\"735\"><strong data-start=\"653\" data-end=\"690\">Cookie e tecnologie simili:<\/strong> Per monitorare l&#039;attivit\u00e0 e le preferenze del sito web.<\/p>\r\n<\/li>\r\n<li data-start=\"736\" data-end=\"835\">\r\n<p data-start=\"738\" data-end=\"835\"><strong data-start=\"738\" data-end=\"777\">Indirizzo IP e informazioni sul browser:<\/strong> Raccolti automaticamente per migliorare le prestazioni del sito web.<\/p>\r\n<\/li>\r\n<li data-start=\"836\" data-end=\"942\">\r\n<p data-start=\"838\" data-end=\"942\"><strong data-start=\"838\" data-end=\"864\">Interazioni con gli annunci:<\/strong> Dati raccolti da partner pubblicitari terzi (Google AdSense, Ezoic).<\/p>\r\n<\/li>\r\n<\/ul>\r\n<hr data-start=\"944\" data-end=\"947\" \/>\r\n<h2 data-start=\"949\" data-end=\"982\">2. Come utilizziamo le tue informazioni<\/h2>\r\n<p data-start=\"984\" data-end=\"1012\">I tuoi dati potranno essere utilizzati per:<\/p>\r\n<ul data-start=\"1014\" data-end=\"1159\">\r\n<li data-start=\"1014\" data-end=\"1059\">\r\n<p data-start=\"1016\" data-end=\"1059\">Visualizzazione di annunci personalizzati e pertinenti.<\/p>\r\n<\/li>\r\n<li data-start=\"1060\" data-end=\"1114\">\r\n<p data-start=\"1062\" data-end=\"1114\">Migliorare le prestazioni del sito web e l&#039;esperienza utente.<\/p>\r\n<\/li>\r\n<li data-start=\"1115\" data-end=\"1159\">\r\n<p data-start=\"1117\" data-end=\"1159\">Misurazione e analisi del traffico del sito web.<\/p>\r\n<\/li>\r\n<\/ul>\r\n<p data-start=\"1161\" data-end=\"1225\">Noi <strong data-start=\"1164\" data-end=\"1205\">non vendere le tue informazioni personali<\/strong> a terzi.<\/p>\r\n<hr data-start=\"1227\" data-end=\"1230\" \/>\r\n<h2 data-start=\"1232\" data-end=\"1258\">3. Partner pubblicitari<\/h2>\r\n<p data-start=\"1260\" data-end=\"1499\">Il nostro sito utilizza <strong data-start=\"1274\" data-end=\"1292\">Google AdSense<\/strong> E <strong data-start=\"1297\" data-end=\"1306\">Ezoico<\/strong> per pubblicare annunci pubblicitari. Questi partner terzi potrebbero utilizzare cookie e altre tecnologie di tracciamento per raccogliere informazioni sul tuo comportamento di navigazione sul nostro sito e su altri siti web.<\/p>\r\n<ul data-start=\"1501\" data-end=\"1741\">\r\n<li data-start=\"1501\" data-end=\"1632\">\r\n<p data-start=\"1503\" data-end=\"1632\"><strong data-start=\"1503\" data-end=\"1537\">Informativa sulla privacy di Google AdSense:<\/strong> <a class=\"decorated-link cursor-pointer\" target=\"_new\" rel=\"noopener\" data-start=\"1538\" data-end=\"1630\">https:\/\/policies.google.com\/technologies\/ads<\/a><\/p>\r\n<\/li>\r\n<li data-start=\"1633\" data-end=\"1741\">\r\n<p data-start=\"1635\" data-end=\"1741\"><strong data-start=\"1635\" data-end=\"1660\">Informativa sulla privacy di Ezoic:<\/strong> <a class=\"decorated-link cursor-pointer\" target=\"_new\" rel=\"noopener\" data-start=\"1661\" data-end=\"1739\">https:\/\/www.ezoic.com\/privacy-policy\/<\/a><\/p>\r\n<\/li>\r\n<\/ul>\r\n<p data-start=\"1743\" data-end=\"1885\">Queste tecnologie aiutano a fornire annunci personalizzati in base ai tuoi interessi. Puoi gestire le tue preferenze pubblicitarie tramite <strong data-start=\"1860\" data-end=\"1882\">Impostazioni annunci di Google<\/strong>.<\/p>\r\n<hr data-start=\"1887\" data-end=\"1890\" \/>\r\n<h2 data-start=\"1892\" data-end=\"1905\">4. Biscotti<\/h2>\r\n<p data-start=\"1907\" data-end=\"1937\">Il nostro sito web utilizza i cookie per:<\/p>\r\n<ul data-start=\"1939\" data-end=\"2053\">\r\n<li data-start=\"1939\" data-end=\"1974\">\r\n<p data-start=\"1941\" data-end=\"1974\">Ricorda le tue preferenze del sito.<\/p>\r\n<\/li>\r\n<li data-start=\"1975\" data-end=\"2003\">\r\n<p data-start=\"1977\" data-end=\"2003\">Migliorare l&#039;esperienza dell&#039;utente.<\/p>\r\n<\/li>\r\n<li data-start=\"2004\" data-end=\"2053\">\r\n<p data-start=\"2006\" data-end=\"2053\">Pubblica annunci personalizzati tramite AdSense ed Ezoic.<\/p>\r\n<\/li>\r\n<\/ul>\r\n<p data-start=\"2055\" data-end=\"2181\">\u00c8 possibile gestire o disabilitare i cookie tramite le impostazioni del browser, ma alcune funzionalit\u00e0 del sito web potrebbero non funzionare correttamente.<\/p>\r\n<hr data-start=\"2183\" data-end=\"2186\" \/>\r\n<h2 data-start=\"2188\" data-end=\"2201\">5. Consenso<\/h2>\r\n<p data-start=\"2203\" data-end=\"2360\">Utilizzando <strong data-start=\"2212\" data-end=\"2236\"><a class=\"decorated-link\" href=\"https:\/\/nuclearenergy.gr\/it\/\" target=\"_new\" rel=\"noopener\" data-start=\"2214\" data-end=\"2234\">www.nuclearenergy.gr<\/a><\/strong>, acconsenti all&#039;utilizzo dei cookie e all&#039;utilizzo dei tuoi dati per scopi pubblicitari come descritto nella presente Informativa sulla privacy.<\/p>\r\n<hr data-start=\"2362\" data-end=\"2365\" \/>\r\n<h2 data-start=\"2367\" data-end=\"2390\">6. Link di terze parti<\/h2>\r\n<p data-start=\"2392\" data-end=\"2578\">Il nostro sito web pu\u00f2 contenere link a siti web di terze parti. Siamo <strong data-start=\"2454\" data-end=\"2473\">non responsabile<\/strong> per le pratiche sulla privacy di questi siti web esterni. Ti invitiamo a leggere le loro informative sulla privacy.<\/p>\r\n<hr data-start=\"2580\" data-end=\"2583\" \/>\r\n<h2 data-start=\"2585\" data-end=\"2604\">7. Sicurezza dei dati<\/h2>\r\n<p data-start=\"2606\" data-end=\"2776\">Implementiamo misure di sicurezza ragionevoli per proteggere i dati raccolti dai visitatori. Tuttavia, nessuna trasmissione di dati su Internet pu\u00f2 essere garantita come sicura al 100%.<\/p>\r\n<hr data-start=\"2778\" data-end=\"2781\" \/>\r\n<h2 data-start=\"2783\" data-end=\"2819\">8. Modifiche alla presente Informativa sulla privacy<\/h2>\r\n<p data-start=\"2821\" data-end=\"2949\">Potremmo aggiornare la presente Informativa sulla privacy di volta in volta. Eventuali modifiche saranno pubblicate su questa pagina con la &quot;Data di entrata in vigore&quot; aggiornata.<\/p>\r\n<div class=\"privacy-headline\">\r\n<h1>Servizi Ezoici<\/h1>\r\n<\/div>\r\n<div class=\"privacy-content\">\r\n<p>Servizi Ezoici<br \/>Questo sito web utilizza i servizi di Ezoic Inc. (&quot;Ezoic&quot;), anche per la gestione di pubblicit\u00e0 di terze parti basata sugli interessi. Ezoic pu\u00f2 impiegare una variet\u00e0 di tecnologie su questo sito web, inclusi strumenti per fornire contenuti, visualizzare annunci pubblicitari e abilitare la pubblicit\u00e0 ai visitatori di questo sito web, che possono utilizzare cookie proprietari e di terze parti.<br \/>Un cookie \u00e8 un piccolo file di testo inviato al tuo dispositivo da un server web che consente al sito web di ricordare informazioni sulla tua attivit\u00e0 di navigazione. I cookie proprietari vengono creati dal sito che stai visitando, mentre i cookie di terze parti vengono impostati da domini diversi da quello che stai visitando. Ezoic e i nostri partner possono inserire cookie, tag, beacon, pixel e tecnologie simili di terze parti per monitorare le interazioni con gli annunci pubblicitari e ottimizzare il targeting degli annunci. Si prega di notare che la disabilitazione dei cookie potrebbe limitare l&#039;accesso a determinati contenuti e funzionalit\u00e0 del sito web e il rifiuto dei cookie non elimina gli annunci pubblicitari, ma si tradurr\u00e0 in pubblicit\u00e0 non personalizzata. Puoi trovare maggiori informazioni sui cookie e su come gestirli.\u00a0<a href=\"https:\/\/allaboutcookies.org\/\" target=\"_blank\" rel=\"noopener\">Qui<\/a>.<br \/>Le seguenti informazioni possono essere raccolte, utilizzate e memorizzate in un cookie quando vengono pubblicati annunci personalizzati:<\/p>\r\n<ul>\r\n<li>indirizzo IP<\/li>\r\n<li>Tipo e versione del sistema operativo<\/li>\r\n<li>Tipo di dispositivo<\/li>\r\n<li>Preferenze di lingua<\/li>\r\n<li>Tipo di browser web<\/li>\r\n<li>E-mail (in formato hash o crittografato)<\/li>\r\n<\/ul>\r\nEzoic e i suoi partner possono utilizzare questi dati in combinazione con informazioni raccolte in modo indipendente per fornire annunci pubblicitari mirati su diverse piattaforme e siti web. I partner di Ezoic possono anche raccogliere dati aggiuntivi, come ID univoci, ID pubblicitari, dati di geolocalizzazione, dati di utilizzo, informazioni sul dispositivo, dati sul traffico, fonti di riferimento e interazioni tra utenti e siti web o annunci pubblicitari, per creare segmenti di pubblico per annunci pubblicitari mirati su diversi dispositivi, browser e app. Puoi trovare maggiori informazioni sulla pubblicit\u00e0 basata sugli interessi e su come gestirla.\u00a0<a href=\"https:\/\/youradchoices.com\/\" target=\"_blank\" rel=\"noopener\">Qui<\/a>.<br \/>Puoi visualizzare l&#039;informativa sulla privacy di Ezoic\u00a0<a href=\"https:\/\/ezoic.com\/privacy\/\" target=\"_blank\" rel=\"noopener\">Qui<\/a>, o per ulteriori informazioni sulla pubblicit\u00e0 di Ezoic e altri partner, puoi<\/div>","protected":false},"excerpt":{"rendered":"<p>Informativa sulla privacy \u2013 NuclearEnergy.gr Data di entrata in vigore: 19\/09\/2025 Su www.nuclearenergy.gr, la tua privacy \u00e8 importante per noi. Questa Informativa sulla privacy<\/p>","protected":false},"author":1,"featured_media":107,"parent":0,"menu_order":0,"comment_status":"closed","ping_status":"open","template":"","meta":{"footnotes":""},"class_list":["post-3","page","type-page","status-publish","has-post-thumbnail","hentry"],"yoast_head":"<!-- This site is optimized with the Yoast SEO Premium plugin v23.9 (Yoast SEO v23.9) - https:\/\/yoast.com\/wordpress\/plugins\/seo\/ -->\n<title>Privacy Policy - \u03a0\u03c5\u03c1\u03b7\u03bd\u03b9\u03ba\u03ae \u03b5\u03bd\u03ad\u03c1\u03b3\u03b5\u03b9\u03b1<\/title>\n<meta name=\"robots\" content=\"noindex, follow\" \/>\n<meta property=\"og:locale\" content=\"it_IT\" \/>\n<meta property=\"og:type\" content=\"article\" \/>\n<meta property=\"og:title\" content=\"Privacy Policy\" \/>\n<meta property=\"og:description\" content=\"Privacy Policy \u2013 NuclearEnergy.gr Effective date: 19\/09\/2025 At www.nuclearenergy.gr , your privacy is important to us. This Privacy\" \/>\n<meta property=\"og:url\" content=\"https:\/\/nuclearenergy.gr\/it\/politica-sulla-riservatezza\/\" \/>\n<meta property=\"og:site_name\" content=\"\u03a0\u03c5\u03c1\u03b7\u03bd\u03b9\u03ba\u03ae \u03b5\u03bd\u03ad\u03c1\u03b3\u03b5\u03b9\u03b1\" \/>\n<meta property=\"article:modified_time\" content=\"2025-09-19T10:17:06+00:00\" \/>\n<meta property=\"og:image\" content=\"https:\/\/nuclearenergy.gr\/wp-content\/uploads\/2025\/05\/cropped-cropped-nuclear-energy-icon.jpg\" \/>\n\t<meta property=\"og:image:width\" content=\"512\" \/>\n\t<meta property=\"og:image:height\" content=\"512\" \/>\n\t<meta property=\"og:image:type\" content=\"image\/jpeg\" \/>\n<meta name=\"twitter:card\" content=\"summary_large_image\" \/>\n<meta name=\"twitter:label1\" content=\"Tempo di lettura stimato\" \/>\n\t<meta name=\"twitter:data1\" content=\"4 minuti\" \/>\n<script type=\"application\/ld+json\" class=\"yoast-schema-graph\">{\"@context\":\"https:\/\/schema.org\",\"@graph\":[{\"@type\":\"WebPage\",\"@id\":\"https:\/\/nuclearenergy.gr\/privacy-policy\/\",\"url\":\"https:\/\/nuclearenergy.gr\/privacy-policy\/\",\"name\":\"Privacy Policy - \u03a0\u03c5\u03c1\u03b7\u03bd\u03b9\u03ba\u03ae \u03b5\u03bd\u03ad\u03c1\u03b3\u03b5\u03b9\u03b1\",\"isPartOf\":{\"@id\":\"https:\/\/nuclearenergy.gr\/#website\"},\"primaryImageOfPage\":{\"@id\":\"https:\/\/nuclearenergy.gr\/privacy-policy\/#primaryimage\"},\"image\":{\"@id\":\"https:\/\/nuclearenergy.gr\/privacy-policy\/#primaryimage\"},\"thumbnailUrl\":\"https:\/\/nuclearenergy.gr\/wp-content\/uploads\/2025\/05\/cropped-cropped-nuclear-energy-icon.jpg\",\"datePublished\":\"2024-11-27T17:28:25+00:00\",\"dateModified\":\"2025-09-19T10:17:06+00:00\",\"breadcrumb\":{\"@id\":\"https:\/\/nuclearenergy.gr\/privacy-policy\/#breadcrumb\"},\"inLanguage\":\"it-IT\",\"potentialAction\":[{\"@type\":\"ReadAction\",\"target\":[\"https:\/\/nuclearenergy.gr\/privacy-policy\/\"]}]},{\"@type\":\"ImageObject\",\"inLanguage\":\"it-IT\",\"@id\":\"https:\/\/nuclearenergy.gr\/privacy-policy\/#primaryimage\",\"url\":\"https:\/\/nuclearenergy.gr\/wp-content\/uploads\/2025\/05\/cropped-cropped-nuclear-energy-icon.jpg\",\"contentUrl\":\"https:\/\/nuclearenergy.gr\/wp-content\/uploads\/2025\/05\/cropped-cropped-nuclear-energy-icon.jpg\",\"width\":512,\"height\":512},{\"@type\":\"BreadcrumbList\",\"@id\":\"https:\/\/nuclearenergy.gr\/privacy-policy\/#breadcrumb\",\"itemListElement\":[{\"@type\":\"ListItem\",\"position\":1,\"name\":\"\u0391\u03c1\u03c7\u03b9\u03ba\u03ae\",\"item\":\"https:\/\/nuclearenergy.gr\/\"},{\"@type\":\"ListItem\",\"position\":2,\"name\":\"Privacy Policy\"}]},{\"@type\":\"WebSite\",\"@id\":\"https:\/\/nuclearenergy.gr\/#website\",\"url\":\"https:\/\/nuclearenergy.gr\/\",\"name\":\"\u03a0\u03c5\u03c1\u03b7\u03bd\u03b9\u03ba\u03ae \u03b5\u03bd\u03ad\u03c1\u03b3\u03b5\u03b9\u03b1\",\"description\":\"\u039c\u03b9\u03b1 \u03b9\u03c3\u03c4\u03bf\u03c3\u03b5\u03bb\u03af\u03b4\u03b1 \u03bc\u03b5 \u03c0\u03bb\u03b7\u03c1\u03bf\u03c6\u03bf\u03c1\u03af\u03b5\u03c2, \u03ac\u03c1\u03b8\u03c1\u03b1 \u03ba\u03b1\u03b9 \u03b3\u03c1\u03b1\u03c6\u03b9\u03ba\u03ad\u03c2 \u03b1\u03c0\u03b5\u03b9\u03ba\u03bf\u03bd\u03af\u03c3\u03b5\u03b9\u03c2 \u03c3\u03c7\u03b5\u03c4\u03b9\u03ba\u03ac \u03bc\u03b5 \u03c4\u03b7\u03bd \u03c0\u03c5\u03c1\u03b7\u03bd\u03b9\u03ba\u03ae \u03b5\u03bd\u03ad\u03c1\u03b3\u03b5\u03b9\u03b1\",\"publisher\":{\"@id\":\"https:\/\/nuclearenergy.gr\/#organization\"},\"potentialAction\":[{\"@type\":\"SearchAction\",\"target\":{\"@type\":\"EntryPoint\",\"urlTemplate\":\"https:\/\/nuclearenergy.gr\/?s={search_term_string}\"},\"query-input\":{\"@type\":\"PropertyValueSpecification\",\"valueRequired\":true,\"valueName\":\"search_term_string\"}}],\"inLanguage\":\"it-IT\"},{\"@type\":\"Organization\",\"@id\":\"https:\/\/nuclearenergy.gr\/#organization\",\"name\":\"\u03a0\u03c5\u03c1\u03b7\u03bd\u03b9\u03ba\u03ae \u03b5\u03bd\u03ad\u03c1\u03b3\u03b5\u03b9\u03b1\",\"url\":\"https:\/\/nuclearenergy.gr\/\",\"logo\":{\"@type\":\"ImageObject\",\"inLanguage\":\"it-IT\",\"@id\":\"https:\/\/nuclearenergy.gr\/#\/schema\/logo\/image\/\",\"url\":\"https:\/\/nuclearenergy.gr\/wp-content\/uploads\/2025\/11\/cropped-cropped-nuclear-energy-icon.jpg\",\"contentUrl\":\"https:\/\/nuclearenergy.gr\/wp-content\/uploads\/2025\/11\/cropped-cropped-nuclear-energy-icon.jpg\",\"width\":120,\"height\":120,\"caption\":\"\u03a0\u03c5\u03c1\u03b7\u03bd\u03b9\u03ba\u03ae \u03b5\u03bd\u03ad\u03c1\u03b3\u03b5\u03b9\u03b1\"},\"image\":{\"@id\":\"https:\/\/nuclearenergy.gr\/#\/schema\/logo\/image\/\"}}]}<\/script>\n<!-- \/ Yoast SEO Premium plugin. -->","yoast_head_json":{"title":"Informativa sulla privacy - Energia nucleare","robots":{"index":"noindex","follow":"follow"},"og_locale":"it_IT","og_type":"article","og_title":"Privacy Policy","og_description":"Privacy Policy \u2013 NuclearEnergy.gr Effective date: 19\/09\/2025 At www.nuclearenergy.gr , your privacy is important to us. This Privacy","og_url":"https:\/\/nuclearenergy.gr\/it\/politica-sulla-riservatezza\/","og_site_name":"\u03a0\u03c5\u03c1\u03b7\u03bd\u03b9\u03ba\u03ae \u03b5\u03bd\u03ad\u03c1\u03b3\u03b5\u03b9\u03b1","article_modified_time":"2025-09-19T10:17:06+00:00","og_image":[{"width":512,"height":512,"url":"https:\/\/nuclearenergy.gr\/wp-content\/uploads\/2025\/05\/cropped-cropped-nuclear-energy-icon.jpg","type":"image\/jpeg"}],"twitter_card":"summary_large_image","twitter_misc":{"Tempo di lettura stimato":"4 minuti"},"schema":{"@context":"https:\/\/schema.org","@graph":[{"@type":"WebPage","@id":"https:\/\/nuclearenergy.gr\/privacy-policy\/","url":"https:\/\/nuclearenergy.gr\/privacy-policy\/","name":"Informativa sulla privacy - Energia nucleare","isPartOf":{"@id":"https:\/\/nuclearenergy.gr\/#website"},"primaryImageOfPage":{"@id":"https:\/\/nuclearenergy.gr\/privacy-policy\/#primaryimage"},"image":{"@id":"https:\/\/nuclearenergy.gr\/privacy-policy\/#primaryimage"},"thumbnailUrl":"https:\/\/nuclearenergy.gr\/wp-content\/uploads\/2025\/05\/cropped-cropped-nuclear-energy-icon.jpg","datePublished":"2024-11-27T17:28:25+00:00","dateModified":"2025-09-19T10:17:06+00:00","breadcrumb":{"@id":"https:\/\/nuclearenergy.gr\/privacy-policy\/#breadcrumb"},"inLanguage":"it-IT","potentialAction":[{"@type":"ReadAction","target":["https:\/\/nuclearenergy.gr\/privacy-policy\/"]}]},{"@type":"ImageObject","inLanguage":"it-IT","@id":"https:\/\/nuclearenergy.gr\/privacy-policy\/#primaryimage","url":"https:\/\/nuclearenergy.gr\/wp-content\/uploads\/2025\/05\/cropped-cropped-nuclear-energy-icon.jpg","contentUrl":"https:\/\/nuclearenergy.gr\/wp-content\/uploads\/2025\/05\/cropped-cropped-nuclear-energy-icon.jpg","width":512,"height":512},{"@type":"BreadcrumbList","@id":"https:\/\/nuclearenergy.gr\/privacy-policy\/#breadcrumb","itemListElement":[{"@type":"ListItem","position":1,"name":"\u0391\u03c1\u03c7\u03b9\u03ba\u03ae","item":"https:\/\/nuclearenergy.gr\/"},{"@type":"ListItem","position":2,"name":"Privacy Policy"}]},{"@type":"WebSite","@id":"https:\/\/nuclearenergy.gr\/#website","url":"https:\/\/nuclearenergy.gr\/","name":"Energia nucleare","description":"Un sito web con informazioni, articoli e grafici sull&#039;energia nucleare","publisher":{"@id":"https:\/\/nuclearenergy.gr\/#organization"},"potentialAction":[{"@type":"SearchAction","target":{"@type":"EntryPoint","urlTemplate":"https:\/\/nuclearenergy.gr\/?s={search_term_string}"},"query-input":{"@type":"PropertyValueSpecification","valueRequired":true,"valueName":"search_term_string"}}],"inLanguage":"it-IT"},{"@type":"Organization","@id":"https:\/\/nuclearenergy.gr\/#organization","name":"Energia nucleare","url":"https:\/\/nuclearenergy.gr\/","logo":{"@type":"ImageObject","inLanguage":"it-IT","@id":"https:\/\/nuclearenergy.gr\/#\/schema\/logo\/image\/","url":"https:\/\/nuclearenergy.gr\/wp-content\/uploads\/2025\/11\/cropped-cropped-nuclear-energy-icon.jpg","contentUrl":"https:\/\/nuclearenergy.gr\/wp-content\/uploads\/2025\/11\/cropped-cropped-nuclear-energy-icon.jpg","width":120,"height":120,"caption":"\u03a0\u03c5\u03c1\u03b7\u03bd\u03b9\u03ba\u03ae \u03b5\u03bd\u03ad\u03c1\u03b3\u03b5\u03b9\u03b1"},"image":{"@id":"https:\/\/nuclearenergy.gr\/#\/schema\/logo\/image\/"}}]}},"_links":{"self":[{"href":"https:\/\/nuclearenergy.gr\/it\/wp-json\/wp\/v2\/pages\/3","targetHints":{"allow":["GET"]}}],"collection":[{"href":"https:\/\/nuclearenergy.gr\/it\/wp-json\/wp\/v2\/pages"}],"about":[{"href":"https:\/\/nuclearenergy.gr\/it\/wp-json\/wp\/v2\/types\/page"}],"author":[{"embeddable":true,"href":"https:\/\/nuclearenergy.gr\/it\/wp-json\/wp\/v2\/users\/1"}],"replies":[{"embeddable":true,"href":"https:\/\/nuclearenergy.gr\/it\/wp-json\/wp\/v2\/comments?post=3"}],"version-history":[{"count":2,"href":"https:\/\/nuclearenergy.gr\/it\/wp-json\/wp\/v2\/pages\/3\/revisions"}],"predecessor-version":[{"id":1535,"href":"https:\/\/nuclearenergy.gr\/it\/wp-json\/wp\/v2\/pages\/3\/revisions\/1535"}],"wp:featuredmedia":[{"embeddable":true,"href":"https:\/\/nuclearenergy.gr\/it\/wp-json\/wp\/v2\/media\/107"}],"wp:attachment":[{"href":"https:\/\/nuclearenergy.gr\/it\/wp-json\/wp\/v2\/media?parent=3"}],"curies":[{"name":"wp","href":"https:\/\/api.w.org\/{rel}","templated":true}]}}