{"id":3,"date":"2024-11-27T17:28:25","date_gmt":"2024-11-27T17:28:25","guid":{"rendered":"http:\/\/nuclearenergy.gr\/?page_id=3"},"modified":"2025-09-19T10:17:06","modified_gmt":"2025-09-19T10:17:06","slug":"gizlilik-politikasi","status":"publish","type":"page","link":"https:\/\/nuclearenergy.gr\/tr\/gizlilik-politikasi\/","title":{"rendered":"Gizlilik Politikas\u0131"},"content":{"rendered":"<h1 class=\"wp-block-heading\" data-start=\"207\" data-end=\"242\">Gizlilik Politikas\u0131 \u2013 NuclearEnergy.gr<\/h1>\r\n<p data-start=\"244\" data-end=\"287\"><strong data-start=\"244\" data-end=\"263\">Y\u00fcr\u00fcrl\u00fck tarihi:<\/strong> 19\/09\/2025<\/p>\r\n<p data-start=\"289\" data-end=\"545\">\u015eu anda <strong data-start=\"292\" data-end=\"316\"><a class=\"decorated-link\" href=\"https:\/\/nuclearenergy.gr\/tr\/\" target=\"_new\" rel=\"noopener\" data-start=\"294\" data-end=\"314\">www.nuclearenergy.gr<\/a><\/strong> Gizlili\u011finiz bizim i\u00e7in \u00f6nemlidir. Bu Gizlilik Politikas\u0131, web sitemizi ziyaret etti\u011finizde ki\u015fisel verilerinizi nas\u0131l toplad\u0131\u011f\u0131m\u0131z\u0131, kulland\u0131\u011f\u0131m\u0131z\u0131 ve korudu\u011fumuzu ve Google AdSense ve Ezoic arac\u0131l\u0131\u011f\u0131yla reklamlar\u0131 nas\u0131l g\u00f6r\u00fcnt\u00fcledi\u011fimizi a\u00e7\u0131klamaktad\u0131r.<\/p>\r\n<hr data-start=\"547\" data-end=\"550\" \/>\r\n<h2 data-start=\"552\" data-end=\"580\">1. Toplad\u0131\u011f\u0131m\u0131z Bilgiler<\/h2>\r\n<p data-start=\"582\" data-end=\"649\">Sitemizi ziyaret etti\u011finizde a\u015fa\u011f\u0131daki bilgileri toplayabiliriz:<\/p>\r\n<ul data-start=\"651\" data-end=\"942\">\r\n<li data-start=\"651\" data-end=\"735\">\r\n<p data-start=\"653\" data-end=\"735\"><strong data-start=\"653\" data-end=\"690\">\u00c7erezler ve benzeri teknolojiler:<\/strong> Web sitesi etkinli\u011fini ve tercihlerini izlemek i\u00e7in.<\/p>\r\n<\/li>\r\n<li data-start=\"736\" data-end=\"835\">\r\n<p data-start=\"738\" data-end=\"835\"><strong data-start=\"738\" data-end=\"777\">IP adresi ve taray\u0131c\u0131 bilgileri:<\/strong> Web sitesi performans\u0131n\u0131 iyile\u015ftirmek i\u00e7in otomatik olarak toplan\u0131r.<\/p>\r\n<\/li>\r\n<li data-start=\"836\" data-end=\"942\">\r\n<p data-start=\"838\" data-end=\"942\"><strong data-start=\"838\" data-end=\"864\">Reklamlarla etkile\u015fimler:<\/strong> \u00dc\u00e7\u00fcnc\u00fc taraf reklam ortaklar\u0131m\u0131z (Google AdSense, Ezoic) taraf\u0131ndan toplanan veriler.<\/p>\r\n<\/li>\r\n<\/ul>\r\n<hr data-start=\"944\" data-end=\"947\" \/>\r\n<h2 data-start=\"949\" data-end=\"982\">2. Bilgilerinizi Nas\u0131l Kullan\u0131yoruz?<\/h2>\r\n<p data-start=\"984\" data-end=\"1012\">Verileriniz \u015fu ama\u00e7larla kullan\u0131labilir:<\/p>\r\n<ul data-start=\"1014\" data-end=\"1159\">\r\n<li data-start=\"1014\" data-end=\"1059\">\r\n<p data-start=\"1016\" data-end=\"1059\">Ki\u015fiselle\u015ftirilmi\u015f ve alakal\u0131 reklamlar\u0131n g\u00f6sterilmesi.<\/p>\r\n<\/li>\r\n<li data-start=\"1060\" data-end=\"1114\">\r\n<p data-start=\"1062\" data-end=\"1114\">Web sitesi performans\u0131n\u0131 ve kullan\u0131c\u0131 deneyimini iyile\u015ftirmek.<\/p>\r\n<\/li>\r\n<li data-start=\"1115\" data-end=\"1159\">\r\n<p data-start=\"1117\" data-end=\"1159\">Web sitesi trafi\u011finin \u00f6l\u00e7\u00fclmesi ve analiz edilmesi.<\/p>\r\n<\/li>\r\n<\/ul>\r\n<p data-start=\"1161\" data-end=\"1225\">Biz <strong data-start=\"1164\" data-end=\"1205\">ki\u015fisel bilgilerinizi satmay\u0131n<\/strong> \u00fc\u00e7\u00fcnc\u00fc \u015fah\u0131slara.<\/p>\r\n<hr data-start=\"1227\" data-end=\"1230\" \/>\r\n<h2 data-start=\"1232\" data-end=\"1258\">3. Reklam Ortaklar\u0131<\/h2>\r\n<p data-start=\"1260\" data-end=\"1499\">Sitemiz kullan\u0131r <strong data-start=\"1274\" data-end=\"1292\">Google AdSense<\/strong> Ve <strong data-start=\"1297\" data-end=\"1306\">Ezoik<\/strong> Reklam sunmak i\u00e7in. Bu \u00fc\u00e7\u00fcnc\u00fc taraf ortaklar, sitemizde ve di\u011fer web sitelerinde gezinme davran\u0131\u015flar\u0131n\u0131z hakk\u0131nda bilgi toplamak i\u00e7in \u00e7erezler ve di\u011fer izleme teknolojilerini kullanabilir.<\/p>\r\n<ul data-start=\"1501\" data-end=\"1741\">\r\n<li data-start=\"1501\" data-end=\"1632\">\r\n<p data-start=\"1503\" data-end=\"1632\"><strong data-start=\"1503\" data-end=\"1537\">Google AdSense Gizlilik Politikas\u0131:<\/strong> <a class=\"decorated-link cursor-pointer\" target=\"_new\" rel=\"noopener\" data-start=\"1538\" data-end=\"1630\">https:\/\/policies.google.com\/technologies\/ads<\/a><\/p>\r\n<\/li>\r\n<li data-start=\"1633\" data-end=\"1741\">\r\n<p data-start=\"1635\" data-end=\"1741\"><strong data-start=\"1635\" data-end=\"1660\">Ezoic Gizlilik Politikas\u0131:<\/strong> <a class=\"decorated-link cursor-pointer\" target=\"_new\" rel=\"noopener\" data-start=\"1661\" data-end=\"1739\">https:\/\/www.ezoic.com\/privacy-policy\/<\/a><\/p>\r\n<\/li>\r\n<\/ul>\r\n<p data-start=\"1743\" data-end=\"1885\">Bu teknolojiler, ilgi alanlar\u0131n\u0131za g\u00f6re ki\u015fiselle\u015ftirilmi\u015f reklamlar sunman\u0131za yard\u0131mc\u0131 olur. Reklam tercihlerinizi \u015fu \u015fekilde y\u00f6netebilirsiniz: <strong data-start=\"1860\" data-end=\"1882\">Google Reklam Ayarlar\u0131<\/strong>.<\/p>\r\n<hr data-start=\"1887\" data-end=\"1890\" \/>\r\n<h2 data-start=\"1892\" data-end=\"1905\">4. \u00c7erezler<\/h2>\r\n<p data-start=\"1907\" data-end=\"1937\">Web sitemiz \u00e7erezleri \u015fu ama\u00e7larla kullan\u0131r:<\/p>\r\n<ul data-start=\"1939\" data-end=\"2053\">\r\n<li data-start=\"1939\" data-end=\"1974\">\r\n<p data-start=\"1941\" data-end=\"1974\">Site tercihlerinizi hat\u0131rlay\u0131n.<\/p>\r\n<\/li>\r\n<li data-start=\"1975\" data-end=\"2003\">\r\n<p data-start=\"1977\" data-end=\"2003\">Kullan\u0131c\u0131 deneyimini iyile\u015ftirin.<\/p>\r\n<\/li>\r\n<li data-start=\"2004\" data-end=\"2053\">\r\n<p data-start=\"2006\" data-end=\"2053\">AdSense ve Ezoic arac\u0131l\u0131\u011f\u0131yla ki\u015fiselle\u015ftirilmi\u015f reklamlar sunun.<\/p>\r\n<\/li>\r\n<\/ul>\r\n<p data-start=\"2055\" data-end=\"2181\">\u00c7erezleri taray\u0131c\u0131n\u0131z\u0131n ayarlar\u0131 arac\u0131l\u0131\u011f\u0131yla y\u00f6netebilir veya devre d\u0131\u015f\u0131 b\u0131rakabilirsiniz, ancak web sitesinin baz\u0131 \u00f6zellikleri d\u00fczg\u00fcn \u00e7al\u0131\u015fmayabilir.<\/p>\r\n<hr data-start=\"2183\" data-end=\"2186\" \/>\r\n<h2 data-start=\"2188\" data-end=\"2201\">5. Onay<\/h2>\r\n<p data-start=\"2203\" data-end=\"2360\">Kullanarak <strong data-start=\"2212\" data-end=\"2236\"><a class=\"decorated-link\" href=\"https:\/\/nuclearenergy.gr\/tr\/\" target=\"_new\" rel=\"noopener\" data-start=\"2214\" data-end=\"2234\">www.nuclearenergy.gr<\/a><\/strong>, \u00e7erezleri kullanmam\u0131za ve verilerinizin bu Gizlilik Politikas\u0131nda a\u00e7\u0131kland\u0131\u011f\u0131 \u015fekilde reklam ama\u00e7l\u0131 kullan\u0131lmas\u0131na izin vermi\u015f olursunuz.<\/p>\r\n<hr data-start=\"2362\" data-end=\"2365\" \/>\r\n<h2 data-start=\"2367\" data-end=\"2390\">6. \u00dc\u00e7\u00fcnc\u00fc Taraf Ba\u011flant\u0131lar\u0131<\/h2>\r\n<p data-start=\"2392\" data-end=\"2578\">Web sitemiz, \u00fc\u00e7\u00fcnc\u00fc taraf web sitelerine ba\u011flant\u0131lar i\u00e7erebilir. <strong data-start=\"2454\" data-end=\"2473\">sorumlu de\u011fil<\/strong> Bu harici web sitelerinin gizlilik uygulamalar\u0131 i\u00e7in l\u00fctfen gizlilik politikalar\u0131n\u0131 okuman\u0131z\u0131 \u00f6neririz.<\/p>\r\n<hr data-start=\"2580\" data-end=\"2583\" \/>\r\n<h2 data-start=\"2585\" data-end=\"2604\">7. Veri G\u00fcvenli\u011fi<\/h2>\r\n<p data-start=\"2606\" data-end=\"2776\">Ziyaret\u00e7ilerden toplanan verileri korumak i\u00e7in makul g\u00fcvenlik \u00f6nlemleri uyguluyoruz. Ancak, 100% g\u00fcvenli oldu\u011fundan, internet \u00fczerinden hi\u00e7bir veri aktar\u0131m\u0131 garanti edilemez.<\/p>\r\n<hr data-start=\"2778\" data-end=\"2781\" \/>\r\n<h2 data-start=\"2783\" data-end=\"2819\">8. Bu Gizlilik Politikas\u0131ndaki De\u011fi\u015fiklikler<\/h2>\r\n<p data-start=\"2821\" data-end=\"2949\">Bu Gizlilik Politikas\u0131n\u0131 zaman zaman g\u00fcncelleyebiliriz. Herhangi bir de\u011fi\u015fiklik, g\u00fcncellenmi\u015f bir &quot;Y\u00fcr\u00fcrl\u00fck Tarihi&quot; ile bu sayfada yay\u0131nlanacakt\u0131r.<\/p>\r\n<div class=\"privacy-headline\">\r\n<h1>Ezoik Hizmetler<\/h1>\r\n<\/div>\r\n<div class=\"privacy-content\">\r\n<p>Ezoik Hizmetler<br \/>Bu web sitesi, \u00fc\u00e7\u00fcnc\u00fc taraf ilgi alan\u0131na dayal\u0131 reklamlar\u0131 y\u00f6netmek de dahil olmak \u00fczere Ezoic Inc. (&quot;Ezoic&quot;) hizmetlerini kullanmaktad\u0131r. Ezoic, bu web sitesinde, i\u00e7erik sunmak, reklamlar\u0131 g\u00f6r\u00fcnt\u00fclemek ve bu web sitesinin ziyaret\u00e7ilerine reklam sunmay\u0131 m\u00fcmk\u00fcn k\u0131lmak i\u00e7in ara\u00e7lar da dahil olmak \u00fczere \u00e7e\u015fitli teknolojiler kullanabilir ve bu teknolojiler birinci ve \u00fc\u00e7\u00fcnc\u00fc taraf \u00e7erezlerini kullanabilir.<br \/>\u00c7erez, bir web sunucusu taraf\u0131ndan cihaz\u0131n\u0131za g\u00f6nderilen ve web sitesinin tarama etkinli\u011finiz hakk\u0131ndaki bilgileri hat\u0131rlamas\u0131n\u0131 sa\u011flayan k\u00fc\u00e7\u00fck bir metin dosyas\u0131d\u0131r. Birinci taraf \u00e7erezler, ziyaret etti\u011finiz site taraf\u0131ndan olu\u015fturulurken, \u00fc\u00e7\u00fcnc\u00fc taraf \u00e7erezler ziyaret etti\u011finiz alan ad\u0131 d\u0131\u015f\u0131ndaki alan adlar\u0131 taraf\u0131ndan yerle\u015ftirilir. Ezoic ve i\u015f ortaklar\u0131m\u0131z, reklamlarla etkile\u015fimleri izlemek ve reklam hedeflemesini optimize etmek i\u00e7in \u00fc\u00e7\u00fcnc\u00fc taraf \u00e7erezleri, etiketler, i\u015faret\u00e7iler, pikseller ve benzeri teknolojiler yerle\u015ftirebilir. \u00c7erezleri devre d\u0131\u015f\u0131 b\u0131rakman\u0131n web sitesindeki belirli i\u00e7erik ve \u00f6zelliklere eri\u015fimi s\u0131n\u0131rlayabilece\u011fini ve \u00e7erezleri reddetmenin reklamlar\u0131 ortadan kald\u0131rmayaca\u011f\u0131n\u0131, ancak ki\u015fiselle\u015ftirilmemi\u015f reklamlarla sonu\u00e7lanaca\u011f\u0131n\u0131 l\u00fctfen unutmay\u0131n. \u00c7erezler ve bunlar\u0131n nas\u0131l y\u00f6netilece\u011fi hakk\u0131nda daha fazla bilgi edinebilirsiniz.\u00a0<a href=\"https:\/\/allaboutcookies.org\/\" target=\"_blank\" rel=\"noopener\">Burada<\/a>.<br \/>Ki\u015fiselle\u015ftirilmi\u015f reklamlar sunulurken a\u015fa\u011f\u0131daki bilgiler bir \u00e7erezde toplanabilir, kullan\u0131labilir ve saklanabilir:<\/p>\r\n<ul>\r\n<li>IP adresi<\/li>\r\n<li>\u0130\u015fletim sistemi t\u00fcr\u00fc ve s\u00fcr\u00fcm\u00fc<\/li>\r\n<li>Cihaz t\u00fcr\u00fc<\/li>\r\n<li>Dil tercihleri<\/li>\r\n<li>Web taray\u0131c\u0131s\u0131 t\u00fcr\u00fc<\/li>\r\n<li>E-posta (karma veya \u015fifrelenmi\u015f bi\u00e7imde)<\/li>\r\n<\/ul>\r\nEzoic ve i\u015f ortaklar\u0131, bu verileri, \u00e7e\u015fitli platformlar ve web sitelerinde hedefli reklamlar sunmak i\u00e7in ba\u011f\u0131ms\u0131z olarak toplanan bilgilerle birlikte kullanabilir. Ezoic&#039;in i\u015f ortaklar\u0131 ayr\u0131ca, farkl\u0131 cihazlar, taray\u0131c\u0131lar ve uygulamalarda hedefli reklamlar i\u00e7in hedef kitle segmentleri olu\u015fturmak amac\u0131yla benzersiz kimlikler, reklam kimlikleri, co\u011frafi konum verileri, kullan\u0131m verileri, cihaz bilgileri, trafik verileri, y\u00f6nlendirme kaynaklar\u0131 ve kullan\u0131c\u0131lar ile web siteleri veya reklamlar aras\u0131ndaki etkile\u015fimler gibi ek veriler de toplayabilir. \u0130lgi alan\u0131na dayal\u0131 reklamc\u0131l\u0131k ve bunlar\u0131n nas\u0131l y\u00f6netilece\u011fi hakk\u0131nda daha fazla bilgi bulabilirsiniz.\u00a0<a href=\"https:\/\/youradchoices.com\/\" target=\"_blank\" rel=\"noopener\">Burada<\/a>.<br \/>Ezoic&#039;in gizlilik politikas\u0131n\u0131 g\u00f6r\u00fcnt\u00fcleyebilirsiniz\u00a0<a href=\"https:\/\/ezoic.com\/privacy\/\" target=\"_blank\" rel=\"noopener\">Burada<\/a>veya Ezoic&#039;in reklamlar\u0131 ve di\u011fer ortaklar\u0131 hakk\u0131nda ek bilgi i\u00e7in,<\/div>","protected":false},"excerpt":{"rendered":"<p>Gizlilik Politikas\u0131 \u2013 NuclearEnergy.gr Y\u00fcr\u00fcrl\u00fck tarihi: 19\/09\/2025 www.nuclearenergy.gr&#039;de gizlili\u011finiz bizim i\u00e7in \u00f6nemlidir. Bu Gizlilik Politikas\u0131<\/p>","protected":false},"author":1,"featured_media":107,"parent":0,"menu_order":0,"comment_status":"closed","ping_status":"open","template":"","meta":{"footnotes":""},"class_list":["post-3","page","type-page","status-publish","has-post-thumbnail","hentry"],"yoast_head":"<!-- This site is optimized with the Yoast SEO Premium plugin v23.9 (Yoast SEO v23.9) - https:\/\/yoast.com\/wordpress\/plugins\/seo\/ -->\n<title>Privacy Policy - \u03a0\u03c5\u03c1\u03b7\u03bd\u03b9\u03ba\u03ae \u03b5\u03bd\u03ad\u03c1\u03b3\u03b5\u03b9\u03b1<\/title>\n<meta name=\"robots\" content=\"noindex, follow\" \/>\n<meta property=\"og:locale\" content=\"tr_TR\" \/>\n<meta property=\"og:type\" content=\"article\" \/>\n<meta property=\"og:title\" content=\"Privacy Policy\" \/>\n<meta property=\"og:description\" content=\"Privacy Policy \u2013 NuclearEnergy.gr Effective date: 19\/09\/2025 At www.nuclearenergy.gr , your privacy is important to us. This Privacy\" \/>\n<meta property=\"og:url\" content=\"https:\/\/nuclearenergy.gr\/tr\/gizlilik-politikasi\/\" \/>\n<meta property=\"og:site_name\" content=\"\u03a0\u03c5\u03c1\u03b7\u03bd\u03b9\u03ba\u03ae \u03b5\u03bd\u03ad\u03c1\u03b3\u03b5\u03b9\u03b1\" \/>\n<meta property=\"article:modified_time\" content=\"2025-09-19T10:17:06+00:00\" \/>\n<meta property=\"og:image\" content=\"https:\/\/nuclearenergy.gr\/wp-content\/uploads\/2025\/05\/cropped-cropped-nuclear-energy-icon.jpg\" \/>\n\t<meta property=\"og:image:width\" content=\"512\" \/>\n\t<meta property=\"og:image:height\" content=\"512\" \/>\n\t<meta property=\"og:image:type\" content=\"image\/jpeg\" \/>\n<meta name=\"twitter:card\" content=\"summary_large_image\" \/>\n<meta name=\"twitter:label1\" content=\"Tahmini okuma s\u00fcresi\" \/>\n\t<meta name=\"twitter:data1\" content=\"4 dakika\" \/>\n<script type=\"application\/ld+json\" class=\"yoast-schema-graph\">{\"@context\":\"https:\/\/schema.org\",\"@graph\":[{\"@type\":\"WebPage\",\"@id\":\"https:\/\/nuclearenergy.gr\/privacy-policy\/\",\"url\":\"https:\/\/nuclearenergy.gr\/privacy-policy\/\",\"name\":\"Privacy Policy - \u03a0\u03c5\u03c1\u03b7\u03bd\u03b9\u03ba\u03ae \u03b5\u03bd\u03ad\u03c1\u03b3\u03b5\u03b9\u03b1\",\"isPartOf\":{\"@id\":\"https:\/\/nuclearenergy.gr\/#website\"},\"primaryImageOfPage\":{\"@id\":\"https:\/\/nuclearenergy.gr\/privacy-policy\/#primaryimage\"},\"image\":{\"@id\":\"https:\/\/nuclearenergy.gr\/privacy-policy\/#primaryimage\"},\"thumbnailUrl\":\"https:\/\/nuclearenergy.gr\/wp-content\/uploads\/2025\/05\/cropped-cropped-nuclear-energy-icon.jpg\",\"datePublished\":\"2024-11-27T17:28:25+00:00\",\"dateModified\":\"2025-09-19T10:17:06+00:00\",\"breadcrumb\":{\"@id\":\"https:\/\/nuclearenergy.gr\/privacy-policy\/#breadcrumb\"},\"inLanguage\":\"tr\",\"potentialAction\":[{\"@type\":\"ReadAction\",\"target\":[\"https:\/\/nuclearenergy.gr\/privacy-policy\/\"]}]},{\"@type\":\"ImageObject\",\"inLanguage\":\"tr\",\"@id\":\"https:\/\/nuclearenergy.gr\/privacy-policy\/#primaryimage\",\"url\":\"https:\/\/nuclearenergy.gr\/wp-content\/uploads\/2025\/05\/cropped-cropped-nuclear-energy-icon.jpg\",\"contentUrl\":\"https:\/\/nuclearenergy.gr\/wp-content\/uploads\/2025\/05\/cropped-cropped-nuclear-energy-icon.jpg\",\"width\":512,\"height\":512},{\"@type\":\"BreadcrumbList\",\"@id\":\"https:\/\/nuclearenergy.gr\/privacy-policy\/#breadcrumb\",\"itemListElement\":[{\"@type\":\"ListItem\",\"position\":1,\"name\":\"\u0391\u03c1\u03c7\u03b9\u03ba\u03ae\",\"item\":\"https:\/\/nuclearenergy.gr\/\"},{\"@type\":\"ListItem\",\"position\":2,\"name\":\"Privacy Policy\"}]},{\"@type\":\"WebSite\",\"@id\":\"https:\/\/nuclearenergy.gr\/#website\",\"url\":\"https:\/\/nuclearenergy.gr\/\",\"name\":\"\u03a0\u03c5\u03c1\u03b7\u03bd\u03b9\u03ba\u03ae \u03b5\u03bd\u03ad\u03c1\u03b3\u03b5\u03b9\u03b1\",\"description\":\"\u039c\u03b9\u03b1 \u03b9\u03c3\u03c4\u03bf\u03c3\u03b5\u03bb\u03af\u03b4\u03b1 \u03bc\u03b5 \u03c0\u03bb\u03b7\u03c1\u03bf\u03c6\u03bf\u03c1\u03af\u03b5\u03c2, \u03ac\u03c1\u03b8\u03c1\u03b1 \u03ba\u03b1\u03b9 \u03b3\u03c1\u03b1\u03c6\u03b9\u03ba\u03ad\u03c2 \u03b1\u03c0\u03b5\u03b9\u03ba\u03bf\u03bd\u03af\u03c3\u03b5\u03b9\u03c2 \u03c3\u03c7\u03b5\u03c4\u03b9\u03ba\u03ac \u03bc\u03b5 \u03c4\u03b7\u03bd \u03c0\u03c5\u03c1\u03b7\u03bd\u03b9\u03ba\u03ae \u03b5\u03bd\u03ad\u03c1\u03b3\u03b5\u03b9\u03b1\",\"publisher\":{\"@id\":\"https:\/\/nuclearenergy.gr\/#organization\"},\"potentialAction\":[{\"@type\":\"SearchAction\",\"target\":{\"@type\":\"EntryPoint\",\"urlTemplate\":\"https:\/\/nuclearenergy.gr\/?s={search_term_string}\"},\"query-input\":{\"@type\":\"PropertyValueSpecification\",\"valueRequired\":true,\"valueName\":\"search_term_string\"}}],\"inLanguage\":\"tr\"},{\"@type\":\"Organization\",\"@id\":\"https:\/\/nuclearenergy.gr\/#organization\",\"name\":\"\u03a0\u03c5\u03c1\u03b7\u03bd\u03b9\u03ba\u03ae \u03b5\u03bd\u03ad\u03c1\u03b3\u03b5\u03b9\u03b1\",\"url\":\"https:\/\/nuclearenergy.gr\/\",\"logo\":{\"@type\":\"ImageObject\",\"inLanguage\":\"tr\",\"@id\":\"https:\/\/nuclearenergy.gr\/#\/schema\/logo\/image\/\",\"url\":\"https:\/\/nuclearenergy.gr\/wp-content\/uploads\/2025\/11\/cropped-cropped-nuclear-energy-icon.jpg\",\"contentUrl\":\"https:\/\/nuclearenergy.gr\/wp-content\/uploads\/2025\/11\/cropped-cropped-nuclear-energy-icon.jpg\",\"width\":120,\"height\":120,\"caption\":\"\u03a0\u03c5\u03c1\u03b7\u03bd\u03b9\u03ba\u03ae \u03b5\u03bd\u03ad\u03c1\u03b3\u03b5\u03b9\u03b1\"},\"image\":{\"@id\":\"https:\/\/nuclearenergy.gr\/#\/schema\/logo\/image\/\"}}]}<\/script>\n<!-- \/ Yoast SEO Premium plugin. -->","yoast_head_json":{"title":"Gizlilik Politikas\u0131 - N\u00fckleer enerji","robots":{"index":"noindex","follow":"follow"},"og_locale":"tr_TR","og_type":"article","og_title":"Privacy Policy","og_description":"Privacy Policy \u2013 NuclearEnergy.gr Effective date: 19\/09\/2025 At www.nuclearenergy.gr , your privacy is important to us. This Privacy","og_url":"https:\/\/nuclearenergy.gr\/tr\/gizlilik-politikasi\/","og_site_name":"\u03a0\u03c5\u03c1\u03b7\u03bd\u03b9\u03ba\u03ae \u03b5\u03bd\u03ad\u03c1\u03b3\u03b5\u03b9\u03b1","article_modified_time":"2025-09-19T10:17:06+00:00","og_image":[{"width":512,"height":512,"url":"https:\/\/nuclearenergy.gr\/wp-content\/uploads\/2025\/05\/cropped-cropped-nuclear-energy-icon.jpg","type":"image\/jpeg"}],"twitter_card":"summary_large_image","twitter_misc":{"Tahmini okuma s\u00fcresi":"4 dakika"},"schema":{"@context":"https:\/\/schema.org","@graph":[{"@type":"WebPage","@id":"https:\/\/nuclearenergy.gr\/privacy-policy\/","url":"https:\/\/nuclearenergy.gr\/privacy-policy\/","name":"Gizlilik Politikas\u0131 - N\u00fckleer enerji","isPartOf":{"@id":"https:\/\/nuclearenergy.gr\/#website"},"primaryImageOfPage":{"@id":"https:\/\/nuclearenergy.gr\/privacy-policy\/#primaryimage"},"image":{"@id":"https:\/\/nuclearenergy.gr\/privacy-policy\/#primaryimage"},"thumbnailUrl":"https:\/\/nuclearenergy.gr\/wp-content\/uploads\/2025\/05\/cropped-cropped-nuclear-energy-icon.jpg","datePublished":"2024-11-27T17:28:25+00:00","dateModified":"2025-09-19T10:17:06+00:00","breadcrumb":{"@id":"https:\/\/nuclearenergy.gr\/privacy-policy\/#breadcrumb"},"inLanguage":"tr","potentialAction":[{"@type":"ReadAction","target":["https:\/\/nuclearenergy.gr\/privacy-policy\/"]}]},{"@type":"ImageObject","inLanguage":"tr","@id":"https:\/\/nuclearenergy.gr\/privacy-policy\/#primaryimage","url":"https:\/\/nuclearenergy.gr\/wp-content\/uploads\/2025\/05\/cropped-cropped-nuclear-energy-icon.jpg","contentUrl":"https:\/\/nuclearenergy.gr\/wp-content\/uploads\/2025\/05\/cropped-cropped-nuclear-energy-icon.jpg","width":512,"height":512},{"@type":"BreadcrumbList","@id":"https:\/\/nuclearenergy.gr\/privacy-policy\/#breadcrumb","itemListElement":[{"@type":"ListItem","position":1,"name":"\u0391\u03c1\u03c7\u03b9\u03ba\u03ae","item":"https:\/\/nuclearenergy.gr\/"},{"@type":"ListItem","position":2,"name":"Privacy Policy"}]},{"@type":"WebSite","@id":"https:\/\/nuclearenergy.gr\/#website","url":"https:\/\/nuclearenergy.gr\/","name":"N\u00fckleer enerji","description":"N\u00fckleer enerji hakk\u0131nda bilgi, makale ve grafiklerin yer ald\u0131\u011f\u0131 bir web sitesi","publisher":{"@id":"https:\/\/nuclearenergy.gr\/#organization"},"potentialAction":[{"@type":"SearchAction","target":{"@type":"EntryPoint","urlTemplate":"https:\/\/nuclearenergy.gr\/?s={search_term_string}"},"query-input":{"@type":"PropertyValueSpecification","valueRequired":true,"valueName":"search_term_string"}}],"inLanguage":"tr"},{"@type":"Organization","@id":"https:\/\/nuclearenergy.gr\/#organization","name":"N\u00fckleer enerji","url":"https:\/\/nuclearenergy.gr\/","logo":{"@type":"ImageObject","inLanguage":"tr","@id":"https:\/\/nuclearenergy.gr\/#\/schema\/logo\/image\/","url":"https:\/\/nuclearenergy.gr\/wp-content\/uploads\/2025\/11\/cropped-cropped-nuclear-energy-icon.jpg","contentUrl":"https:\/\/nuclearenergy.gr\/wp-content\/uploads\/2025\/11\/cropped-cropped-nuclear-energy-icon.jpg","width":120,"height":120,"caption":"\u03a0\u03c5\u03c1\u03b7\u03bd\u03b9\u03ba\u03ae \u03b5\u03bd\u03ad\u03c1\u03b3\u03b5\u03b9\u03b1"},"image":{"@id":"https:\/\/nuclearenergy.gr\/#\/schema\/logo\/image\/"}}]}},"_links":{"self":[{"href":"https:\/\/nuclearenergy.gr\/tr\/wp-json\/wp\/v2\/pages\/3","targetHints":{"allow":["GET"]}}],"collection":[{"href":"https:\/\/nuclearenergy.gr\/tr\/wp-json\/wp\/v2\/pages"}],"about":[{"href":"https:\/\/nuclearenergy.gr\/tr\/wp-json\/wp\/v2\/types\/page"}],"author":[{"embeddable":true,"href":"https:\/\/nuclearenergy.gr\/tr\/wp-json\/wp\/v2\/users\/1"}],"replies":[{"embeddable":true,"href":"https:\/\/nuclearenergy.gr\/tr\/wp-json\/wp\/v2\/comments?post=3"}],"version-history":[{"count":2,"href":"https:\/\/nuclearenergy.gr\/tr\/wp-json\/wp\/v2\/pages\/3\/revisions"}],"predecessor-version":[{"id":1535,"href":"https:\/\/nuclearenergy.gr\/tr\/wp-json\/wp\/v2\/pages\/3\/revisions\/1535"}],"wp:featuredmedia":[{"embeddable":true,"href":"https:\/\/nuclearenergy.gr\/tr\/wp-json\/wp\/v2\/media\/107"}],"wp:attachment":[{"href":"https:\/\/nuclearenergy.gr\/tr\/wp-json\/wp\/v2\/media?parent=3"}],"curies":[{"name":"wp","href":"https:\/\/api.w.org\/{rel}","templated":true}]}}